{"id":788,"date":"2026-03-24T17:39:47","date_gmt":"2026-03-24T16:39:47","guid":{"rendered":"https:\/\/taohs.eu\/contact\/"},"modified":"2026-04-27T17:56:00","modified_gmt":"2026-04-27T15:56:00","slug":"contact","status":"publish","type":"page","link":"https:\/\/taohs.eu\/es\/contact\/","title":{"rendered":"Contacto"},"content":{"rendered":"<style>.kb-row-layout-wrap.wp-block-kadence-rowlayout.kb-row-layout-id788_adf8b5-db{margin-top:0px;margin-bottom:0px;}.kb-row-layout-id788_adf8b5-db > .kt-row-column-wrap{align-content:start;}:where(.kb-row-layout-id788_adf8b5-db > .kt-row-column-wrap) > .wp-block-kadence-column{justify-content:start;}.kb-row-layout-id788_adf8b5-db > .kt-row-column-wrap{column-gap:var(--global-kb-gap-md, 2rem);row-gap:var(--global-kb-gap-md, 2rem);padding-top:15px;padding-bottom:15px;grid-template-columns:minmax(0, 1fr);}.kb-row-layout-id788_adf8b5-db{border-top-left-radius:0px;}.kb-row-layout-id788_adf8b5-db{border-top:1px solid #eae4da;border-bottom:1px solid #eae4da;}.kb-row-layout-id788_adf8b5-db > .kt-row-layout-overlay{opacity:0.30;}@media all and (max-width: 1024px){.kb-row-layout-id788_adf8b5-db > .kt-row-column-wrap{grid-template-columns:minmax(0, 1fr);}}@media all and (max-width: 1024px){.kb-row-layout-id788_adf8b5-db{border-top:1px solid #eae4da;border-bottom:1px solid #eae4da;}}@media all and (max-width: 767px){.kb-row-layout-id788_adf8b5-db > .kt-row-column-wrap{grid-template-columns:minmax(0, 1fr);}.kb-row-layout-id788_adf8b5-db{border-top:1px solid #eae4da;border-bottom:1px solid #eae4da;}}<\/style><div class=\"kb-row-layout-wrap kb-row-layout-id788_adf8b5-db alignfull breadcrumbs wp-block-kadence-rowlayout\"><div class=\"kt-row-column-wrap kt-has-1-columns kt-row-layout-equal kt-tab-layout-inherit kt-mobile-layout-row kt-row-valign-top\">\n<style>.kadence-column788_04c652-c5 > .kt-inside-inner-col,.kadence-column788_04c652-c5 > .kt-inside-inner-col:before{border-top-left-radius:0px;border-top-right-radius:0px;border-bottom-right-radius:0px;border-bottom-left-radius:0px;}.kadence-column788_04c652-c5 > .kt-inside-inner-col{column-gap:var(--global-kb-gap-sm, 1rem);}.kadence-column788_04c652-c5 > .kt-inside-inner-col{flex-direction:column;}.kadence-column788_04c652-c5 > .kt-inside-inner-col > .aligncenter{width:100%;}.kadence-column788_04c652-c5 > .kt-inside-inner-col:before{opacity:0.3;}.kadence-column788_04c652-c5{position:relative;}@media all and (max-width: 1024px){.kadence-column788_04c652-c5 > .kt-inside-inner-col{flex-direction:column;justify-content:center;}}@media all and (max-width: 767px){.kadence-column788_04c652-c5 > .kt-inside-inner-col{flex-direction:column;justify-content:center;}}<\/style>\n<div class=\"wp-block-kadence-column kadence-column788_04c652-c5\"><div class=\"kt-inside-inner-col\"><div class=\"breadcrumbs align container wp-block-bcn-breadcrumb-trail has-text-color has-background\" vocab=\"https:\/\/schema.org\/\" typeof=\"BreadcrumbList\">\n\t<span><\/span>\n\t<span property=\"itemListElement\" typeof=\"ListItem\"><a property=\"item\" typeof=\"WebPage\" title=\"Ir a Together Against Online Hate Speech (TAOHS).\" href=\"https:\/\/taohs.eu\/es\/\" class=\"home\" aria-current=\"page\"><span property=\"name\">Inicio<\/span><\/a><meta property=\"position\" content=\"1\"><\/span><\/div>\n<\/div><\/div>\n\n<\/div><\/div>\n\n<style>.kb-row-layout-wrap.wp-block-kadence-rowlayout.kb-row-layout-id788_f4a4b5-34{margin-bottom:0px;}.kb-row-layout-id788_f4a4b5-34 > .kt-row-column-wrap{align-content:start;}:where(.kb-row-layout-id788_f4a4b5-34 > .kt-row-column-wrap) > .wp-block-kadence-column{justify-content:start;}.kb-row-layout-id788_f4a4b5-34 > .kt-row-column-wrap{column-gap:0px;row-gap:var(--global-kb-gap-md, 2rem);padding-top:0px;padding-bottom:0px;grid-template-columns:repeat(2, minmax(0, 1fr));}.kb-row-layout-id788_f4a4b5-34{background-color:#eae4da;}.kb-row-layout-id788_f4a4b5-34 > .kt-row-layout-overlay{opacity:0.30;}@media all and (max-width: 1024px){.kb-row-layout-wrap.wp-block-kadence-rowlayout.kb-row-layout-id788_f4a4b5-34{margin-bottom:60px;}}@media all and (max-width: 1024px){.kb-row-layout-id788_f4a4b5-34 > .kt-row-column-wrap{row-gap:0px;padding-right:31px;padding-bottom:0px;padding-left:31px;grid-template-columns:minmax(0, 1fr);}}@media all and (max-width: 767px){.kb-row-layout-wrap.wp-block-kadence-rowlayout.kb-row-layout-id788_f4a4b5-34{margin-bottom:60px;}.kb-row-layout-id788_f4a4b5-34 > .kt-row-column-wrap{row-gap:0px;padding-right:16px;padding-bottom:0px;padding-left:16px;grid-template-columns:minmax(0, 1fr);}}<\/style><div class=\"kb-row-layout-wrap kb-row-layout-id788_f4a4b5-34 alignfull kt-row-has-bg hero-split contact wp-block-kadence-rowlayout\"><div class=\"kt-row-column-wrap kt-has-2-columns kt-row-layout-equal kt-tab-layout-row kt-mobile-layout-row kt-row-valign-top kt-inner-column-height-full\">\n<style>.kadence-column788_f19b05-bb > .kt-inside-inner-col{padding-top:80px;padding-bottom:80px;}.kadence-column788_f19b05-bb > .kt-inside-inner-col,.kadence-column788_f19b05-bb > .kt-inside-inner-col:before{border-top-left-radius:0px;border-top-right-radius:0px;border-bottom-right-radius:0px;border-bottom-left-radius:0px;}.kadence-column788_f19b05-bb > .kt-inside-inner-col{column-gap:var(--global-kb-gap-sm, 1rem);}.kadence-column788_f19b05-bb > .kt-inside-inner-col{flex-direction:column;}.kadence-column788_f19b05-bb > .kt-inside-inner-col > .aligncenter{width:100%;}.kadence-column788_f19b05-bb > .kt-inside-inner-col:before{opacity:0.3;}.kadence-column788_f19b05-bb{position:relative;}@media all and (max-width: 1024px){.kadence-column788_f19b05-bb > .kt-inside-inner-col{padding-top:43px;padding-bottom:60px;flex-direction:column;justify-content:center;}}@media all and (max-width: 767px){.kadence-column788_f19b05-bb > .kt-inside-inner-col{padding-top:41px;padding-bottom:49px;flex-direction:column;justify-content:center;}}<\/style>\n<div class=\"wp-block-kadence-column kadence-column788_f19b05-bb hero-left\"><div class=\"kt-inside-inner-col\"><style>.wp-block-kadence-advancedheading.kt-adv-heading788_3cc93b-a9, .wp-block-kadence-advancedheading.kt-adv-heading788_3cc93b-a9[data-kb-block=\"kb-adv-heading788_3cc93b-a9\"]{margin-top:9px;font-style:normal;}.wp-block-kadence-advancedheading.kt-adv-heading788_3cc93b-a9 mark.kt-highlight, .wp-block-kadence-advancedheading.kt-adv-heading788_3cc93b-a9[data-kb-block=\"kb-adv-heading788_3cc93b-a9\"] mark.kt-highlight{font-style:normal;color:#f76a0c;-webkit-box-decoration-break:clone;box-decoration-break:clone;padding-top:0px;padding-right:0px;padding-bottom:0px;padding-left:0px;}.wp-block-kadence-advancedheading.kt-adv-heading788_3cc93b-a9 img.kb-inline-image, .wp-block-kadence-advancedheading.kt-adv-heading788_3cc93b-a9[data-kb-block=\"kb-adv-heading788_3cc93b-a9\"] img.kb-inline-image{width:150px;vertical-align:baseline;}<\/style>\n<h1 class=\"kt-adv-heading788_3cc93b-a9 wp-block-kadence-advancedheading\" data-kb-block=\"kb-adv-heading788_3cc93b-a9\" data-aos-duration=\"1200\" data-aos-easing=\"ease-in-out\" data-aos-once=\"true\">Contacto<\/h1>\n\n\n<style>.wp-block-kadence-advancedheading.kt-adv-heading788_0efe2f-3c, .wp-block-kadence-advancedheading.kt-adv-heading788_0efe2f-3c[data-kb-block=\"kb-adv-heading788_0efe2f-3c\"]{padding-top:10px;padding-bottom:0px;font-style:normal;}.wp-block-kadence-advancedheading.kt-adv-heading788_0efe2f-3c mark.kt-highlight, .wp-block-kadence-advancedheading.kt-adv-heading788_0efe2f-3c[data-kb-block=\"kb-adv-heading788_0efe2f-3c\"] mark.kt-highlight{font-style:normal;color:#f76a0c;-webkit-box-decoration-break:clone;box-decoration-break:clone;padding-top:0px;padding-right:0px;padding-bottom:0px;padding-left:0px;}.wp-block-kadence-advancedheading.kt-adv-heading788_0efe2f-3c img.kb-inline-image, .wp-block-kadence-advancedheading.kt-adv-heading788_0efe2f-3c[data-kb-block=\"kb-adv-heading788_0efe2f-3c\"] img.kb-inline-image{width:150px;vertical-align:baseline;}<\/style>\n<p class=\"kt-adv-heading788_0efe2f-3c hero--body wp-block-kadence-advancedheading\" data-kb-block=\"kb-adv-heading788_0efe2f-3c\" data-aos-duration=\"1200\" data-aos-delay=\"300\" data-aos-easing=\"ease-in-out\" data-aos-once=\"true\">Para consultas sobre el proyecto TAOHS, los resultados de la investigaci\u00f3n, la herramienta Phoenix, el programa de formaci\u00f3n o cuestiones relacionadas con los medios de comunicaci\u00f3n, ponte en contacto con nosotras\/os mediante los datos que encontrar\u00e1s a continuaci\u00f3n o env\u00edanos un mensaje a trav\u00e9s del formulario.<br><\/p>\n\n\n\n<div class=\"wp-block-getwid-advanced-spacer\" style=\"height:24px\" aria-hidden=\"true\"><\/div>\n\n\n\n<ul class=\"wp-block-list hero--body\">\n<li><a href=\"mailto:info@fundipau.org\">info@fundipau.org<\/a><\/li>\n\n\n\n<li><a href=\"tel:+34933025129\" data-type=\"tel\" data-id=\"tel:+34933025129\">+34 933 025 129<\/a><\/li>\n\n\n\n<li><a href=\"https:\/\/maps.app.goo.gl\/YVEDXhHBV7PEMhVr7\" data-type=\"link\" data-id=\"https:\/\/maps.app.goo.gl\/YVEDXhHBV7PEMhVr7\" target=\"_blank\" rel=\"noreferrer noopener\">Erasme de Janer 8, 08001 Barcelona<\/a><\/li>\n<\/ul>\n\n\n\n<div class=\"wp-block-getwid-advanced-spacer\" style=\"height:1px\" aria-hidden=\"true\"><\/div>\n\n\n<style>.wp-block-kadence-advancedheading.kt-adv-heading788_88dfce-05, .wp-block-kadence-advancedheading.kt-adv-heading788_88dfce-05[data-kb-block=\"kb-adv-heading788_88dfce-05\"]{font-style:normal;}.wp-block-kadence-advancedheading.kt-adv-heading788_88dfce-05 mark.kt-highlight, .wp-block-kadence-advancedheading.kt-adv-heading788_88dfce-05[data-kb-block=\"kb-adv-heading788_88dfce-05\"] mark.kt-highlight{font-style:normal;color:#f76a0c;-webkit-box-decoration-break:clone;box-decoration-break:clone;padding-top:0px;padding-right:0px;padding-bottom:0px;padding-left:0px;}.wp-block-kadence-advancedheading.kt-adv-heading788_88dfce-05 img.kb-inline-image, .wp-block-kadence-advancedheading.kt-adv-heading788_88dfce-05[data-kb-block=\"kb-adv-heading788_88dfce-05\"] img.kb-inline-image{width:150px;vertical-align:baseline;}<\/style>\n<p class=\"kt-adv-heading788_88dfce-05 hero--body wp-block-kadence-advancedheading\" data-kb-block=\"kb-adv-heading788_88dfce-05\">Tambi\u00e9n puedes ponerte en contacto con una de las entidades socias del proyecto que aparecen en la p\u00e1gina <a href=\"https:\/\/taohs.eu\/es\/proyecto-sobre-discurso-de-odio-en-linea\/\" data-type=\"page\" data-id=\"682\">Qui\u00e9nes somos<\/a>.<\/p>\n\n\n\n<div class=\"wp-block-getwid-advanced-spacer\" style=\"height:32px\" aria-hidden=\"true\"><\/div>\n\n\n\t\n\t\t<div id=\"gs_logo_area_49\" data-sort=\"name\" data-shortcode-id=\"49\" class=\"gs_logo_area gs_logo_area_49 slider1 \" data-options='{\"logo_per_page\":\"6\"}' style=\"opacity: 0; visibility: hidden;\">\n\t\t\t<div class=\"gs_logo_area--inner\">\n\n\t\t\t\t<!-- Category Filters - New (Global) -->\n\t\t\t\t\t\n\t\t\t\t\n<div class=\"gs_logo_container gs_carousel_swiper gs_logo_fix_height_and_center\" data-carousel-config='{\"direction\":\"horizontal\",\"speed\":500,\"isAutoplay\":false,\"autoplayDelay\":2000,\"loop\":false,\"pauseOnHover\":false,\"ticker\":false,\"navs\":false,\"navs_pos\":\"bottom\",\"dots\":false,\"dynamic_dots\":true,\"slideSpace\":10,\"slidesPerGroup\":1,\"desktopLogos\":5,\"tabletLogos\":3,\"mobileLogos\":2,\"reverseDirection\":false}'>\n\n\t\n\t\t\n\t\t\t<div class=\"gs_logo_single--wrapper\">\n\t\t\t\t<div class=\"gs_logo_single\">\n\n\t\t\t\t\t<!-- Logo Img -->\n\t\t\t\t\t<img loading=\"lazy\" decoding=\"async\" width=\"350\" height=\"112\" src=\"https:\/\/taohs.eu\/wp-content\/uploads\/2026\/04\/logo-build-up-bw.webp\" class=\"tt-placement-top tt-bgcolor-one-%23ff5f6d tt-bgcolor-two-%23ffc371 tt-textcolor-%23fff gs-logo--img wp-post-image\" alt=\"Build Up\" title=\"Build Up\" srcset=\"https:\/\/taohs.eu\/wp-content\/uploads\/2026\/04\/logo-build-up-bw.webp 350w, https:\/\/taohs.eu\/wp-content\/uploads\/2026\/04\/logo-build-up-bw-300x96.webp 300w\" sizes=\"auto, (max-width: 350px) 100vw, 350px\" \/>\n\t\t\t\t\t<!-- Logo Title -->\n\t\t\t\t\t\t\t\t\t\t\n\t\t\t\t\t<!-- Logo Category -->\n\t\t\t\t\t\t\t\t\t\t\n\t\t\t\t<\/div>\n\t\t\t<\/div>\n\n\t\t\n\t\t\t<div class=\"gs_logo_single--wrapper\">\n\t\t\t\t<div class=\"gs_logo_single\">\n\n\t\t\t\t\t<!-- Logo Img -->\n\t\t\t\t\t<img loading=\"lazy\" decoding=\"async\" width=\"142\" height=\"112\" src=\"https:\/\/taohs.eu\/wp-content\/uploads\/2026\/04\/logo-fundipau-bw.webp\" class=\"tt-placement-top tt-bgcolor-one-%23ff5f6d tt-bgcolor-two-%23ffc371 tt-textcolor-%23fff gs-logo--img wp-post-image\" alt=\"FundiPau\" title=\"FundiPau\" \/>\n\t\t\t\t\t<!-- Logo Title -->\n\t\t\t\t\t\t\t\t\t\t\n\t\t\t\t\t<!-- Logo Category -->\n\t\t\t\t\t\t\t\t\t\t\n\t\t\t\t<\/div>\n\t\t\t<\/div>\n\n\t\t\n\t\t\t<div class=\"gs_logo_single--wrapper\">\n\t\t\t\t<div class=\"gs_logo_single\">\n\n\t\t\t\t\t<!-- Logo Img -->\n\t\t\t\t\t<img loading=\"lazy\" decoding=\"async\" width=\"350\" height=\"112\" src=\"https:\/\/taohs.eu\/wp-content\/uploads\/2026\/04\/logo-ichbinhier-bw.webp\" class=\"tt-placement-top tt-bgcolor-one-%23ff5f6d tt-bgcolor-two-%23ffc371 tt-textcolor-%23fff gs-logo--img wp-post-image\" alt=\"ichbinhier\" title=\"Ichbinhier\" srcset=\"https:\/\/taohs.eu\/wp-content\/uploads\/2026\/04\/logo-ichbinhier-bw.webp 350w, https:\/\/taohs.eu\/wp-content\/uploads\/2026\/04\/logo-ichbinhier-bw-300x96.webp 300w\" sizes=\"auto, (max-width: 350px) 100vw, 350px\" \/>\n\t\t\t\t\t<!-- Logo Title -->\n\t\t\t\t\t\t\t\t\t\t\n\t\t\t\t\t<!-- Logo Category -->\n\t\t\t\t\t\t\t\t\t\t\n\t\t\t\t<\/div>\n\t\t\t<\/div>\n\n\t\t\n\t\t\t<div class=\"gs_logo_single--wrapper\">\n\t\t\t\t<div class=\"gs_logo_single\">\n\n\t\t\t\t\t<!-- Logo Img -->\n\t\t\t\t\t<img loading=\"lazy\" decoding=\"async\" width=\"350\" height=\"112\" src=\"https:\/\/taohs.eu\/wp-content\/uploads\/2026\/04\/logo-sharing-perspectives-foundation-bw.webp\" class=\"tt-placement-top tt-bgcolor-one-%23ff5f6d tt-bgcolor-two-%23ffc371 tt-textcolor-%23fff gs-logo--img wp-post-image\" alt=\"Sharing Perspectives Foundation\" title=\"Sharing Perspectives Foundation\" srcset=\"https:\/\/taohs.eu\/wp-content\/uploads\/2026\/04\/logo-sharing-perspectives-foundation-bw.webp 350w, https:\/\/taohs.eu\/wp-content\/uploads\/2026\/04\/logo-sharing-perspectives-foundation-bw-300x96.webp 300w\" sizes=\"auto, (max-width: 350px) 100vw, 350px\" \/>\n\t\t\t\t\t<!-- Logo Title -->\n\t\t\t\t\t\t\t\t\t\t\n\t\t\t\t\t<!-- Logo Category -->\n\t\t\t\t\t\t\t\t\t\t\n\t\t\t\t<\/div>\n\t\t\t<\/div>\n\n\t\t\n\t\t\t<div class=\"gs_logo_single--wrapper\">\n\t\t\t\t<div class=\"gs_logo_single\">\n\n\t\t\t\t\t<!-- Logo Img -->\n\t\t\t\t\t<img loading=\"lazy\" decoding=\"async\" width=\"350\" height=\"112\" src=\"https:\/\/taohs.eu\/wp-content\/uploads\/2026\/04\/logo-university-amsterdam-bw.webp\" class=\"tt-placement-top tt-bgcolor-one-%23ff5f6d tt-bgcolor-two-%23ffc371 tt-textcolor-%23fff gs-logo--img wp-post-image\" alt=\"University of Amsterdam\" title=\"University of Amsterdam\" srcset=\"https:\/\/taohs.eu\/wp-content\/uploads\/2026\/04\/logo-university-amsterdam-bw.webp 350w, https:\/\/taohs.eu\/wp-content\/uploads\/2026\/04\/logo-university-amsterdam-bw-300x96.webp 300w\" sizes=\"auto, (max-width: 350px) 100vw, 350px\" \/>\n\t\t\t\t\t<!-- Logo Title -->\n\t\t\t\t\t\t\t\t\t\t\n\t\t\t\t\t<!-- Logo Category -->\n\t\t\t\t\t\t\t\t\t\t\n\t\t\t\t<\/div>\n\t\t\t<\/div>\n\n\t\t\t\t\n\t\n<\/div>\n\t\t\t\t<!-- Pagination -->\n\t\t\t\t\n\t\t\t<\/div>\n\t\t<\/div>\n\t\n\t\t<style>#gs_logo_area_49:not(.verticaltickerdown):not(.verticalticker) .gs_logo_container{margin-left:-5px}#gs_logo_area_49:not(.verticaltickerdown):not(.verticalticker) .gs_logo_container{margin-right:-5px}#gs_logo_area_49:not(.verticaltickerdown):not(.verticalticker) .gs_logo_single--wrapper{padding:5px}#gs_logo_area_49 ul.gs-logo-filter-cats{text-align:center!important}#gs_logo_area_49 .gs_logo_single--wrapper{width:20%}@media (max-width:1023px){#gs_logo_area_49 .gs_logo_single--wrapper{width:33.333333333333%}}@media (max-width:767px){#gs_logo_area_49 .gs_logo_single--wrapper{width:50%}}<\/style>\n<\/div><\/div>\n\n\n<style>.kadence-column788_778ce3-27 > .kt-inside-inner-col{padding-top:80px;padding-bottom:80px;}.kadence-column788_778ce3-27 > .kt-inside-inner-col,.kadence-column788_778ce3-27 > .kt-inside-inner-col:before{border-top-left-radius:0px;border-top-right-radius:0px;border-bottom-right-radius:0px;border-bottom-left-radius:0px;}.kadence-column788_778ce3-27 > .kt-inside-inner-col{column-gap:var(--global-kb-gap-sm, 1rem);}.kadence-column788_778ce3-27 > .kt-inside-inner-col{flex-direction:column;}.kadence-column788_778ce3-27 > .kt-inside-inner-col > .aligncenter{width:100%;}.kadence-column788_778ce3-27 > .kt-inside-inner-col{background-color:#ffffff;}.kadence-column788_778ce3-27 > .kt-inside-inner-col:before{opacity:0.3;}.kadence-column788_778ce3-27{position:relative;}@media all and (max-width: 1024px){.kadence-column788_778ce3-27 > .kt-inside-inner-col{padding-top:53px;padding-right:31px;padding-bottom:31px;padding-left:31px;min-height:500px;flex-direction:column;justify-content:center;}}@media all and (max-width: 1024px){.kadence-column788_778ce3-27 > .kt-inside-inner-col,.kadence-column788_778ce3-27 > .kt-inside-inner-col:before{border-top-left-radius:0px;border-top-right-radius:0px;border-bottom-right-radius:0px;border-bottom-left-radius:0px;}}@media all and (max-width: 1024px){.kadence-column788_778ce3-27, .kt-inside-inner-col > .kadence-column788_778ce3-27:not(.specificity){margin-right:-31px;margin-left:-31px;}}@media all and (max-width: 767px){.kadence-column788_778ce3-27 > .kt-inside-inner-col{padding-top:41px;padding-right:16px;padding-bottom:28px;padding-left:16px;min-height:400px;flex-direction:column;justify-content:center;}.kadence-column788_778ce3-27 > .kt-inside-inner-col,.kadence-column788_778ce3-27 > .kt-inside-inner-col:before{border-top-left-radius:0px;border-top-right-radius:0px;border-bottom-right-radius:0px;border-bottom-left-radius:0px;}.kadence-column788_778ce3-27, .kt-inside-inner-col > .kadence-column788_778ce3-27:not(.specificity){margin-right:-16px;margin-left:-16px;}}<\/style>\n<div class=\"wp-block-kadence-column kadence-column788_778ce3-27 hero-right form\"><div class=\"kt-inside-inner-col\"><style>.wp-block-kadence-advancedheading.kt-adv-heading788_4acd55-7e, .wp-block-kadence-advancedheading.kt-adv-heading788_4acd55-7e[data-kb-block=\"kb-adv-heading788_4acd55-7e\"]{font-style:normal;}.wp-block-kadence-advancedheading.kt-adv-heading788_4acd55-7e mark.kt-highlight, .wp-block-kadence-advancedheading.kt-adv-heading788_4acd55-7e[data-kb-block=\"kb-adv-heading788_4acd55-7e\"] mark.kt-highlight{font-style:normal;color:#f76a0c;-webkit-box-decoration-break:clone;box-decoration-break:clone;padding-top:0px;padding-right:0px;padding-bottom:0px;padding-left:0px;}.wp-block-kadence-advancedheading.kt-adv-heading788_4acd55-7e img.kb-inline-image, .wp-block-kadence-advancedheading.kt-adv-heading788_4acd55-7e[data-kb-block=\"kb-adv-heading788_4acd55-7e\"] img.kb-inline-image{width:150px;vertical-align:baseline;}<\/style>\n<h2 class=\"kt-adv-heading788_4acd55-7e h4 wp-block-kadence-advancedheading\" data-kb-block=\"kb-adv-heading788_4acd55-7e\">Env\u00eda un mensaje<\/h2>\n\n\n\n<div class=\"wpcf7 no-js\" id=\"wpcf7-f787-o1\" lang=\"es-ES\" dir=\"ltr\" data-wpcf7-id=\"787\">\n<div class=\"screen-reader-response\"><p role=\"status\" aria-live=\"polite\" aria-atomic=\"true\"><\/p> <ul><\/ul><\/div>\n<form action=\"\/es\/wp-json\/wp\/v2\/pages\/788#wpcf7-f787-o1\" method=\"post\" class=\"wpcf7-form init\" aria-label=\"Formulario de contacto\" novalidate=\"novalidate\" data-status=\"init\">\n<fieldset class=\"hidden-fields-container\"><input type=\"hidden\" name=\"_wpcf7\" value=\"787\" \/><input type=\"hidden\" name=\"_wpcf7_version\" value=\"6.1.5\" \/><input type=\"hidden\" name=\"_wpcf7_locale\" value=\"es_ES\" \/><input type=\"hidden\" name=\"_wpcf7_unit_tag\" value=\"wpcf7-f787-o1\" \/><input type=\"hidden\" name=\"_wpcf7_container_post\" value=\"0\" \/><input type=\"hidden\" name=\"_wpcf7_posted_data_hash\" value=\"\" \/><input type=\"hidden\" name=\"_wpcf7_recaptcha_response\" value=\"\" \/>\n<\/fieldset>\n\t\t\t\t<style>\n\t\t\t\t\t.uacf7-uacf7style-787 label {\n\t\t\t\t\t\tcolor: #595959;font-style: normal;font-weight: normal;\t\t\t\t\t}\n\n\t\t\t\t\t.uacf7-uacf7style-787 input[type=\"email\"],\n\t\t\t\t\t.uacf7-uacf7style-787 input[type=\"number\"],\n\t\t\t\t\t.uacf7-uacf7style-787 input[type=\"password\"],\n\t\t\t\t\t.uacf7-uacf7style-787 input[type=\"search\"],\n\t\t\t\t\t.uacf7-uacf7style-787 input[type=\"tel\"],\n\t\t\t\t\t.uacf7-uacf7style-787 input[type=\"text\"],\n\t\t\t\t\t.uacf7-uacf7style-787 input[type=\"url\"],\n\t\t\t\t\t.uacf7-uacf7style-787 input[type=\"date\"],\n\t\t\t\t\t.uacf7-uacf7style-787 input[type=\"radio\"],\n\t\t\t\t\t.uacf7-uacf7style-787 input[type=\"checkbox\"],\n\t\t\t\t\t.uacf7-uacf7style-787 select,\n\t\t\t\t\t.uacf7-uacf7style-787 textarea {\n\t\t\t\t\t\tcolor: #000000;font-style: normal;font-weight: normal;border-width: 1px !important;border-color: #000000 !important;border-style: solid!important;margin-bottom: 25px;\t\t\t\t\t}\n\n\t\t\t\t\t.uacf7-uacf7style-787 .wpcf7-radio span,\n\t\t\t\t\t.uacf7-uacf7style-787 .wpcf7-checkbox span {\n\t\t\t\t\t\tcolor: #000000;font-style: normal;font-weight: normal;\t\t\t\t\t}\n\n\t\t\t\t\t.uacf7-uacf7style-787 textarea {\n\t\t\t\t\t\t\t\t\t\t\t}\n\n\t\t\t\t\t.wpcf7-form-control-wrap select {\n\t\t\t\t\t\twidth: 100%;\n\t\t\t\t\t}\n\n\t\t\t\t\t.uacf7-uacf7style-787 input[type=\"submit\"] {\n\t\t\t\t\t\tcolor: #ffffff;background-color: #e75239;font-size: 14px;font-style: normal;font-weight: normal;border-style: none;border-radius: 50px;\t\t\t\t\t}\n\n\t\t\t\t\t.uacf7-uacf7style-787 input[type=\"submit\"]:hover {\n\t\t\t\t\t\tcolor: #ffffff;background-color: #7a1813;\t\t\t\t\t}\n\n\t\t\t\t\t\t\t\t\t<\/style>\n\n\t\t\t\t<div class=\"uacf7-uacf7style uacf7-uacf7style-787\"><div class=\"uacf7-form-wrapper-container uacf7-form-787  uacf7-uacf7style uacf7-uacf7style-787\"><div id=\"uacf7-form-wrapper\" class=\"uacf7-wrapper-default\">\n    <label> Nombre completo*\n        <span class=\"wpcf7-form-control-wrap\" data-name=\"your-name\"><input size=\"40\" maxlength=\"400\" class=\"wpcf7-form-control wpcf7-text wpcf7-validates-as-required\" aria-required=\"true\" aria-invalid=\"false\" value=\"\" type=\"text\" name=\"your-name\" \/><\/span>  <\/label> \n\n    <label> Correo electr\u00f3nico*\n        <span class=\"wpcf7-form-control-wrap\" data-name=\"your-email\"><input size=\"40\" maxlength=\"400\" class=\"wpcf7-form-control wpcf7-email wpcf7-validates-as-required wpcf7-text wpcf7-validates-as-email\" aria-required=\"true\" aria-invalid=\"false\" value=\"\" type=\"email\" name=\"your-email\" \/><\/span>  <\/label> \n\n    <label> N\u00famero de tel\u00e9fono*\n        <span class=\"wpcf7-form-control-wrap\" data-name=\"your-phone\"><input size=\"40\" maxlength=\"400\" class=\"wpcf7-form-control wpcf7-tel wpcf7-validates-as-required wpcf7-text wpcf7-validates-as-tel\" aria-required=\"true\" aria-invalid=\"false\" value=\"\" type=\"tel\" name=\"your-phone\" \/><\/span>  <\/label> \n\n    <label> \u00bfC\u00f3mo podemos ayudarte?*\n        <span class=\"wpcf7-form-control-wrap\" data-name=\"your-inquiry\"><textarea cols=\"40\" rows=\"10\" maxlength=\"2000\" class=\"wpcf7-form-control wpcf7-textarea wpcf7-validates-as-required\" aria-required=\"true\" aria-invalid=\"false\" name=\"your-inquiry\"><\/textarea><\/span>  <\/label> \n\n    <span class=\"wpcf7-form-control-wrap\" data-name=\"acceptance-298\"><span class=\"wpcf7-form-control wpcf7-acceptance\"><span class=\"wpcf7-list-item\"><label><input type=\"checkbox\" name=\"acceptance-298\" value=\"1\" aria-invalid=\"false\" \/><span class=\"wpcf7-list-item-label\">Consiento el tratamiento de mis datos. FundiPau tratar\u00e1 tus datos con la finalidad de dar respuesta a tus consultas, preguntas o quejas. Puedes ejercer tus derechos de acceso, rectificaci\u00f3n, supresi\u00f3n, portabilidad, limitaci\u00f3n y oposici\u00f3n, tal y como se explica en nuestra <a href=\"https:\/\/taohs.eu\/es\/politica-de-privacidad\/\" target=\"_blank\">Pol\u00edtica de privacidad<\/a> y en nuestro <a href=\"https:\/\/taohs.eu\/es\/aviso-legal\/\" target=\"_blank\">Aviso legal<\/a>.<\/span><\/label><\/span><\/span><\/span>\n\n    <input class=\"wpcf7-form-control wpcf7-submit has-spinner\" type=\"submit\" value=\"Enviar mensaje\" \/>\n<\/div><\/div><\/div><div class=\"wpcf7-response-output\" aria-hidden=\"true\"><\/div>\n<\/form>\n<\/div>\n\n<\/div><\/div>\n\n<\/div><\/div>","protected":false},"excerpt":{"rendered":"<p>Contacto Para consultas sobre el proyecto TAOHS, los resultados de la investigaci\u00f3n, la herramienta Phoenix, el programa de formaci\u00f3n o cuestiones relacionadas con los medios de comunicaci\u00f3n, ponte en contacto con nosotras\/os mediante los datos que encontrar\u00e1s a continuaci\u00f3n o env\u00edanos un mensaje a trav\u00e9s del formulario. Tambi\u00e9n puedes ponerte en contacto con una de &hellip;<\/p>\n","protected":false},"author":1,"featured_media":0,"parent":0,"menu_order":0,"comment_status":"closed","ping_status":"closed","template":"templates\/template-builder.php","meta":{"_kad_blocks_custom_css":"","_kad_blocks_head_custom_js":"","_kad_blocks_body_custom_js":"","_kad_blocks_footer_custom_js":"","footnotes":""},"class_list":["post-788","page","type-page","status-publish","hentry","post","with-featured-image"],"taxonomy_info":[],"featured_image_src_large":false,"author_info":{"display_name":"admin","author_link":"https:\/\/taohs.eu\/es\/author\/server_7adx2skz\/"},"comment_info":0,"_links":{"self":[{"href":"https:\/\/taohs.eu\/es\/wp-json\/wp\/v2\/pages\/788","targetHints":{"allow":["GET"]}}],"collection":[{"href":"https:\/\/taohs.eu\/es\/wp-json\/wp\/v2\/pages"}],"about":[{"href":"https:\/\/taohs.eu\/es\/wp-json\/wp\/v2\/types\/page"}],"author":[{"embeddable":true,"href":"https:\/\/taohs.eu\/es\/wp-json\/wp\/v2\/users\/1"}],"replies":[{"embeddable":true,"href":"https:\/\/taohs.eu\/es\/wp-json\/wp\/v2\/comments?post=788"}],"version-history":[{"count":2,"href":"https:\/\/taohs.eu\/es\/wp-json\/wp\/v2\/pages\/788\/revisions"}],"predecessor-version":[{"id":791,"href":"https:\/\/taohs.eu\/es\/wp-json\/wp\/v2\/pages\/788\/revisions\/791"}],"wp:attachment":[{"href":"https:\/\/taohs.eu\/es\/wp-json\/wp\/v2\/media?parent=788"}],"curies":[{"name":"wp","href":"https:\/\/api.w.org\/{rel}","templated":true}]}}