{"id":755,"date":"2026-03-24T17:37:38","date_gmt":"2026-03-24T16:37:38","guid":{"rendered":"https:\/\/taohs.eu\/online-hate-speech-research\/"},"modified":"2026-04-29T10:49:06","modified_gmt":"2026-04-29T08:49:06","slug":"investigacion-sobre-discurso-de-odio-en-linea","status":"publish","type":"page","link":"https:\/\/taohs.eu\/es\/investigacion-sobre-discurso-de-odio-en-linea\/","title":{"rendered":"Investigaci\u00f3n"},"content":{"rendered":"<style>.kb-row-layout-wrap.wp-block-kadence-rowlayout.kb-row-layout-id306_51a421-c7{margin-top:0px;margin-bottom:0px;}.kb-row-layout-id306_51a421-c7 > .kt-row-column-wrap{align-content:start;}:where(.kb-row-layout-id306_51a421-c7 > .kt-row-column-wrap) > .wp-block-kadence-column{justify-content:start;}.kb-row-layout-id306_51a421-c7 > .kt-row-column-wrap{column-gap:var(--global-kb-gap-md, 2rem);row-gap:var(--global-kb-gap-md, 2rem);padding-top:15px;padding-bottom:15px;grid-template-columns:minmax(0, 1fr);}.kb-row-layout-id306_51a421-c7{border-top-left-radius:0px;}.kb-row-layout-id306_51a421-c7{border-top:1px solid #eae4da;border-bottom:0px solid #eae4da;}.kb-row-layout-id306_51a421-c7 > .kt-row-layout-overlay{opacity:0.30;}@media all and (max-width: 1024px){.kb-row-layout-id306_51a421-c7 > .kt-row-column-wrap{grid-template-columns:minmax(0, 1fr);}}@media all and (max-width: 1024px){.kb-row-layout-id306_51a421-c7{border-top:1px solid #eae4da;border-bottom:0px solid #eae4da;}}@media all and (max-width: 767px){.kb-row-layout-id306_51a421-c7 > .kt-row-column-wrap{grid-template-columns:minmax(0, 1fr);}.kb-row-layout-id306_51a421-c7{border-top:1px solid #eae4da;border-bottom:0px solid #eae4da;}}<\/style><div class=\"kb-row-layout-wrap kb-row-layout-id306_51a421-c7 alignfull breadcrumbs wp-block-kadence-rowlayout\"><div class=\"kt-row-column-wrap kt-has-1-columns kt-row-layout-equal kt-tab-layout-inherit kt-mobile-layout-row kt-row-valign-top\">\n<style>.kadence-column306_71ae7f-db > .kt-inside-inner-col,.kadence-column306_71ae7f-db > .kt-inside-inner-col:before{border-top-left-radius:0px;border-top-right-radius:0px;border-bottom-right-radius:0px;border-bottom-left-radius:0px;}.kadence-column306_71ae7f-db > .kt-inside-inner-col{column-gap:var(--global-kb-gap-sm, 1rem);}.kadence-column306_71ae7f-db > .kt-inside-inner-col{flex-direction:column;}.kadence-column306_71ae7f-db > .kt-inside-inner-col > .aligncenter{width:100%;}.kadence-column306_71ae7f-db > .kt-inside-inner-col:before{opacity:0.3;}.kadence-column306_71ae7f-db{position:relative;}@media all and (max-width: 1024px){.kadence-column306_71ae7f-db > .kt-inside-inner-col{flex-direction:column;justify-content:center;}}@media all and (max-width: 767px){.kadence-column306_71ae7f-db > .kt-inside-inner-col{flex-direction:column;justify-content:center;}}<\/style>\n<div class=\"wp-block-kadence-column kadence-column306_71ae7f-db\"><div class=\"kt-inside-inner-col\"><div class=\"breadcrumbs align container wp-block-bcn-breadcrumb-trail has-text-color has-background\" vocab=\"https:\/\/schema.org\/\" typeof=\"BreadcrumbList\">\n\t<span><\/span>\n\t<span property=\"itemListElement\" typeof=\"ListItem\"><a property=\"item\" typeof=\"WebPage\" title=\"Ir a Together Against Online Hate Speech (TAOHS).\" href=\"https:\/\/taohs.eu\/es\/\" class=\"home\" aria-current=\"page\"><span property=\"name\">Inicio<\/span><\/a><meta property=\"position\" content=\"1\"><\/span><\/div>\n<\/div><\/div>\n\n<\/div><\/div>\n\n<style>.kb-row-layout-wrap.wp-block-kadence-rowlayout.kb-row-layout-id755_7ddbd7-59{margin-bottom:95px;}.kb-row-layout-id755_7ddbd7-59 > .kt-row-column-wrap{align-content:start;}:where(.kb-row-layout-id755_7ddbd7-59 > .kt-row-column-wrap) > .wp-block-kadence-column{justify-content:start;}.kb-row-layout-id755_7ddbd7-59 > .kt-row-column-wrap{column-gap:0px;row-gap:var(--global-kb-gap-md, 2rem);padding-top:0px;padding-bottom:0px;grid-template-columns:repeat(2, minmax(0, 1fr));}.kb-row-layout-id755_7ddbd7-59{background-color:#eae4da;}.kb-row-layout-id755_7ddbd7-59 > .kt-row-layout-overlay{opacity:0.30;}@media all and (max-width: 1024px){.kb-row-layout-wrap.wp-block-kadence-rowlayout.kb-row-layout-id755_7ddbd7-59{margin-bottom:60px;}}@media all and (max-width: 1024px){.kb-row-layout-id755_7ddbd7-59 > .kt-row-column-wrap{row-gap:0px;padding-right:31px;padding-bottom:29px;padding-left:31px;grid-template-columns:minmax(0, 1fr);}}@media all and (max-width: 767px){.kb-row-layout-wrap.wp-block-kadence-rowlayout.kb-row-layout-id755_7ddbd7-59{margin-bottom:60px;}.kb-row-layout-id755_7ddbd7-59 > .kt-row-column-wrap{row-gap:0px;padding-right:16px;padding-bottom:16px;padding-left:16px;grid-template-columns:minmax(0, 1fr);}}<\/style><div class=\"kb-row-layout-wrap kb-row-layout-id755_7ddbd7-59 alignfull kt-row-has-bg hero-split wp-block-kadence-rowlayout\"><div class=\"kt-row-column-wrap kt-has-2-columns kt-row-layout-equal kt-tab-layout-row kt-mobile-layout-row kt-row-valign-top kt-inner-column-height-full\">\n<style>.kadence-column755_c402b3-46 > .kt-inside-inner-col{padding-top:80px;padding-bottom:80px;}.kadence-column755_c402b3-46 > .kt-inside-inner-col,.kadence-column755_c402b3-46 > .kt-inside-inner-col:before{border-top-left-radius:0px;border-top-right-radius:0px;border-bottom-right-radius:0px;border-bottom-left-radius:0px;}.kadence-column755_c402b3-46 > .kt-inside-inner-col{column-gap:var(--global-kb-gap-sm, 1rem);}.kadence-column755_c402b3-46 > .kt-inside-inner-col{flex-direction:column;}.kadence-column755_c402b3-46 > .kt-inside-inner-col > .aligncenter{width:100%;}.kadence-column755_c402b3-46 > .kt-inside-inner-col:before{opacity:0.3;}.kadence-column755_c402b3-46{position:relative;}@media all and (max-width: 1024px){.kadence-column755_c402b3-46 > .kt-inside-inner-col{padding-top:43px;padding-bottom:31px;flex-direction:column;justify-content:center;}}@media all and (max-width: 767px){.kadence-column755_c402b3-46 > .kt-inside-inner-col{padding-top:41px;padding-bottom:28px;flex-direction:column;justify-content:center;}}<\/style>\n<div class=\"wp-block-kadence-column kadence-column755_c402b3-46 hero-left\"><div class=\"kt-inside-inner-col\"><style>.wp-block-kadence-advancedheading.kt-adv-heading755_7456b5-48, .wp-block-kadence-advancedheading.kt-adv-heading755_7456b5-48[data-kb-block=\"kb-adv-heading755_7456b5-48\"]{font-style:normal;}.wp-block-kadence-advancedheading.kt-adv-heading755_7456b5-48 mark.kt-highlight, .wp-block-kadence-advancedheading.kt-adv-heading755_7456b5-48[data-kb-block=\"kb-adv-heading755_7456b5-48\"] mark.kt-highlight{font-style:normal;color:#f76a0c;-webkit-box-decoration-break:clone;box-decoration-break:clone;padding-top:0px;padding-right:0px;padding-bottom:0px;padding-left:0px;}.wp-block-kadence-advancedheading.kt-adv-heading755_7456b5-48 img.kb-inline-image, .wp-block-kadence-advancedheading.kt-adv-heading755_7456b5-48[data-kb-block=\"kb-adv-heading755_7456b5-48\"] img.kb-inline-image{width:150px;vertical-align:baseline;}<\/style>\n<p class=\"kt-adv-heading755_7456b5-48 section--tag wp-block-kadence-advancedheading\" data-kb-block=\"kb-adv-heading755_7456b5-48\">Investigaci\u00f3n<\/p>\n\n\n<style>.wp-block-kadence-advancedheading.kt-adv-heading755_514ac4-71, .wp-block-kadence-advancedheading.kt-adv-heading755_514ac4-71[data-kb-block=\"kb-adv-heading755_514ac4-71\"]{margin-top:9px;font-style:normal;}.wp-block-kadence-advancedheading.kt-adv-heading755_514ac4-71 mark.kt-highlight, .wp-block-kadence-advancedheading.kt-adv-heading755_514ac4-71[data-kb-block=\"kb-adv-heading755_514ac4-71\"] mark.kt-highlight{font-style:normal;color:#f76a0c;-webkit-box-decoration-break:clone;box-decoration-break:clone;padding-top:0px;padding-right:0px;padding-bottom:0px;padding-left:0px;}.wp-block-kadence-advancedheading.kt-adv-heading755_514ac4-71 img.kb-inline-image, .wp-block-kadence-advancedheading.kt-adv-heading755_514ac4-71[data-kb-block=\"kb-adv-heading755_514ac4-71\"] img.kb-inline-image{width:150px;vertical-align:baseline;}<\/style>\n<h1 class=\"kt-adv-heading755_514ac4-71 wp-block-kadence-advancedheading\" data-kb-block=\"kb-adv-heading755_514ac4-71\" data-aos=\"fade\" data-aos-duration=\"1200\" data-aos-easing=\"ease-in-out\" data-aos-once=\"true\">Una definici\u00f3n compartida es el primer paso para actuar con eficacia.<\/h1>\n\n\n<style>.wp-block-kadence-advancedheading.kt-adv-heading755_76689e-f3, .wp-block-kadence-advancedheading.kt-adv-heading755_76689e-f3[data-kb-block=\"kb-adv-heading755_76689e-f3\"]{padding-top:10px;padding-bottom:0px;font-style:normal;}.wp-block-kadence-advancedheading.kt-adv-heading755_76689e-f3 mark.kt-highlight, .wp-block-kadence-advancedheading.kt-adv-heading755_76689e-f3[data-kb-block=\"kb-adv-heading755_76689e-f3\"] mark.kt-highlight{font-style:normal;color:#f76a0c;-webkit-box-decoration-break:clone;box-decoration-break:clone;padding-top:0px;padding-right:0px;padding-bottom:0px;padding-left:0px;}.wp-block-kadence-advancedheading.kt-adv-heading755_76689e-f3 img.kb-inline-image, .wp-block-kadence-advancedheading.kt-adv-heading755_76689e-f3[data-kb-block=\"kb-adv-heading755_76689e-f3\"] img.kb-inline-image{width:150px;vertical-align:baseline;}<\/style>\n<h2 class=\"kt-adv-heading755_76689e-f3 hero--body wp-block-kadence-advancedheading\" data-kb-block=\"kb-adv-heading755_76689e-f3\" data-aos=\"fade\" data-aos-duration=\"1200\" data-aos-delay=\"300\" data-aos-easing=\"ease-in-out\" data-aos-once=\"true\">Investigaci\u00f3n sobre discurso de odio en l\u00ednea y definiciones compartidas.<\/h2>\n<\/div><\/div>\n\n\n<style>.kadence-column755_94cac9-41 > .kt-inside-inner-col,.kadence-column755_94cac9-41 > .kt-inside-inner-col:before{border-top-left-radius:0px;border-top-right-radius:0px;border-bottom-right-radius:0px;border-bottom-left-radius:0px;}.kadence-column755_94cac9-41 > .kt-inside-inner-col{column-gap:var(--global-kb-gap-sm, 1rem);}.kadence-column755_94cac9-41 > .kt-inside-inner-col{flex-direction:column;}.kadence-column755_94cac9-41 > .kt-inside-inner-col > .aligncenter{width:100%;}.kadence-column755_94cac9-41 > .kt-inside-inner-col{background-image:url('https:\/\/taohs.eu\/wp-content\/uploads\/2026\/04\/hero-research-scaled.webp');background-size:cover;background-position:center center;background-attachment:scroll;background-repeat:no-repeat;}.kadence-column755_94cac9-41 > .kt-inside-inner-col:before{opacity:0.3;}.kadence-column755_94cac9-41{position:relative;}@media all and (max-width: 1024px){.kadence-column755_94cac9-41 > .kt-inside-inner-col{min-height:500px;flex-direction:column;justify-content:center;}}@media all and (max-width: 1024px){.kadence-column755_94cac9-41 > .kt-inside-inner-col,.kadence-column755_94cac9-41 > .kt-inside-inner-col:before{border-top-left-radius:15px;border-top-right-radius:15px;border-bottom-right-radius:15px;border-bottom-left-radius:15px;}}@media all and (max-width: 767px){.kadence-column755_94cac9-41 > .kt-inside-inner-col{min-height:400px;flex-direction:column;justify-content:center;}.kadence-column755_94cac9-41 > .kt-inside-inner-col,.kadence-column755_94cac9-41 > .kt-inside-inner-col:before{border-top-left-radius:15px;border-top-right-radius:15px;border-bottom-right-radius:15px;border-bottom-left-radius:15px;}}<\/style>\n<div class=\"wp-block-kadence-column kadence-column755_94cac9-41 hero-right\"><div class=\"kt-inside-inner-col\"><\/div><\/div>\n\n<\/div><\/div>\n\n<style>.kb-row-layout-wrap.wp-block-kadence-rowlayout.kb-row-layout-id755_874bfe-6b{margin-bottom:0px;}.kb-row-layout-id755_874bfe-6b > .kt-row-column-wrap{align-content:start;}:where(.kb-row-layout-id755_874bfe-6b > .kt-row-column-wrap) > .wp-block-kadence-column{justify-content:start;}.kb-row-layout-id755_874bfe-6b > .kt-row-column-wrap{column-gap:168px;row-gap:var(--global-kb-gap-md, 2rem);padding-bottom:24px;grid-template-columns:minmax(0, calc(60% - ((168px * 1 )\/2)))minmax(0, calc(40% - ((168px * 1 )\/2)));}.kb-row-layout-id755_874bfe-6b > .kt-row-layout-overlay{opacity:0.30;}@media all and (max-width: 1024px){.kb-row-layout-wrap.wp-block-kadence-rowlayout.kb-row-layout-id755_874bfe-6b{margin-bottom:60px;}}@media all and (max-width: 1024px){.kb-row-layout-id755_874bfe-6b > .kt-row-column-wrap{grid-template-columns:minmax(0, 1fr);}}@media all and (max-width: 767px){.kb-row-layout-wrap.wp-block-kadence-rowlayout.kb-row-layout-id755_874bfe-6b{margin-bottom:60px;}.kb-row-layout-id755_874bfe-6b > .kt-row-column-wrap{grid-template-columns:minmax(0, 1fr);}}<\/style><div class=\"kb-row-layout-wrap kb-row-layout-id755_874bfe-6b alignnone row--content wp-block-kadence-rowlayout\"><div class=\"kt-row-column-wrap kt-has-2-columns kt-row-layout-left-golden kt-tab-layout-row kt-mobile-layout-row kt-row-valign-top\">\n<style>.kadence-column755_1f6afe-40 > .kt-inside-inner-col,.kadence-column755_1f6afe-40 > .kt-inside-inner-col:before{border-top-left-radius:0px;border-top-right-radius:0px;border-bottom-right-radius:0px;border-bottom-left-radius:0px;}.kadence-column755_1f6afe-40 > .kt-inside-inner-col{column-gap:var(--global-kb-gap-sm, 1rem);}.kadence-column755_1f6afe-40 > .kt-inside-inner-col{flex-direction:column;}.kadence-column755_1f6afe-40 > .kt-inside-inner-col > .aligncenter{width:100%;}.kadence-column755_1f6afe-40 > .kt-inside-inner-col:before{opacity:0.3;}.kadence-column755_1f6afe-40{position:relative;}@media all and (max-width: 1024px){.kadence-column755_1f6afe-40 > .kt-inside-inner-col{flex-direction:column;justify-content:center;}}@media all and (max-width: 767px){.kadence-column755_1f6afe-40 > .kt-inside-inner-col{flex-direction:column;justify-content:center;}}<\/style>\n<div class=\"wp-block-kadence-column kadence-column755_1f6afe-40 col--left\"><div class=\"kt-inside-inner-col\">\n<p class=\"top--0\">La investigaci\u00f3n es la columna vertebral de TAOHS. Estudiamos los patrones del discurso de odio en l\u00ednea para organizaciones de la sociedad civil, medios de comunicaci\u00f3n e instituciones p\u00fablicas de Espa\u00f1a, los Pa\u00edses Bajos y Alemania. A trav\u00e9s de la recopilaci\u00f3n y el an\u00e1lisis sistem\u00e1ticos de datos, identificamos y contextualizamos tendencias y narrativas espec\u00edficas de cada pa\u00eds.<\/p>\n\n\n\n<p>Estos conocimientos tambi\u00e9n contribuir\u00e1n al desarrollo de modelos de categorizaci\u00f3n del discurso de odio basados en inteligencia artificial, ayudando a entrenar <a href=\"https:\/\/taohs.eu\/es\/monitorizacion-del-discurso-de-odio-en-linea\/\" data-type=\"page\" data-id=\"766\"><strong>Phoenix<\/strong><\/a> para detectar y clasificar el odio en l\u00ednea.<\/p>\n\n\n\n<p>Para saber m\u00e1s sobre nuestra investigaci\u00f3n, puede consultar los informes p\u00fablicos: un an\u00e1lisis por pa\u00edses de los patrones del discurso de odio en l\u00ednea basado en la monitorizaci\u00f3n de redes sociales, y una revisi\u00f3n bibliogr\u00e1fica exhaustiva sobre el discurso de odio en l\u00ednea.<\/p>\n<\/div><\/div>\n\n\n<style>.kadence-column755_41fb2d-9f > .kt-inside-inner-col,.kadence-column755_41fb2d-9f > .kt-inside-inner-col:before{border-top-left-radius:0px;border-top-right-radius:0px;border-bottom-right-radius:0px;border-bottom-left-radius:0px;}.kadence-column755_41fb2d-9f > .kt-inside-inner-col{column-gap:var(--global-kb-gap-sm, 1rem);}.kadence-column755_41fb2d-9f > .kt-inside-inner-col{flex-direction:column;}.kadence-column755_41fb2d-9f > .kt-inside-inner-col > .aligncenter{width:100%;}.kadence-column755_41fb2d-9f > .kt-inside-inner-col:before{opacity:0.3;}.kadence-column755_41fb2d-9f{position:relative;}@media all and (max-width: 1024px){.kadence-column755_41fb2d-9f > .kt-inside-inner-col{flex-direction:column;justify-content:center;}}@media all and (max-width: 767px){.kadence-column755_41fb2d-9f > .kt-inside-inner-col{flex-direction:column;justify-content:center;}}<\/style>\n<div class=\"wp-block-kadence-column kadence-column755_41fb2d-9f col--right\" data-aos=\"fade-left\" data-aos-duration=\"1200\" data-aos-delay=\"600\" data-aos-easing=\"ease\" data-aos-once=\"true\"><div class=\"kt-inside-inner-col\"><style>.wp-block-kadence-column.kb-section-dir-horizontal > .kt-inside-inner-col > .kt-info-box755_33ce11-d6 .kt-blocks-info-box-link-wrap{max-width:unset;}.kt-info-box755_33ce11-d6 .kt-blocks-info-box-link-wrap{border-top:0px solid #ffffff;border-right:0px solid #ffffff;border-bottom:0px solid #ffffff;border-left:0px solid #ffffff;border-top-left-radius:15px;border-top-right-radius:15px;border-bottom-right-radius:15px;border-bottom-left-radius:15px;background:#eae4da;padding-top:24px;padding-right:24px;padding-bottom:31px;padding-left:24px;}.kt-info-box755_33ce11-d6 .kt-blocks-info-box-link-wrap:hover{background:#e0d8ca;}.kt-info-box755_33ce11-d6.wp-block-kadence-infobox{max-width:100%;}.kt-info-box755_33ce11-d6 .kadence-info-box-image-inner-intrisic-container{max-width:100px;}.kt-info-box755_33ce11-d6 .kadence-info-box-image-inner-intrisic-container .kadence-info-box-image-intrisic{padding-bottom:126.3158%;width:38px;height:0px;max-width:100%;}.kt-info-box755_33ce11-d6 .kt-blocks-info-box-media .kt-info-box-image{width:100px;height:auto;}.kt-info-box755_33ce11-d6 .kadence-info-box-icon-container .kt-info-svg-icon, .kt-info-box755_33ce11-d6 .kt-info-svg-icon-flip, .kt-info-box755_33ce11-d6 .kt-blocks-info-box-number{font-size:50px;}.kt-info-box755_33ce11-d6 .kt-blocks-info-box-media{border-top-width:0px;border-right-width:0px;border-bottom-width:0px;border-left-width:0px;padding-top:0px;padding-right:0px;padding-bottom:0px;padding-left:0px;margin-top:0px;margin-right:23px;margin-bottom:0px;margin-left:0px;}.kt-info-box755_33ce11-d6 .kt-infobox-textcontent h2.kt-blocks-info-box-title{color:#000000;padding-top:0px;padding-right:0px;padding-bottom:0px;padding-left:0px;margin-top:5px;margin-right:0px;margin-bottom:10px;margin-left:0px;}.kt-info-box755_33ce11-d6 .kt-infobox-textcontent .kt-blocks-info-box-text{color:#000000;}.kt-info-box755_33ce11-d6 .kt-blocks-info-box-learnmore{background:transparent;border-width:0px 0px 0px 0px;padding-top:4px;padding-right:8px;padding-bottom:4px;padding-left:8px;margin-top:10px;margin-right:0px;margin-bottom:10px;margin-left:0px;}@media all and (max-width: 1024px){.kt-info-box755_33ce11-d6 .kt-blocks-info-box-link-wrap{border-top:0px solid #ffffff;border-right:0px solid #ffffff;border-bottom:0px solid #ffffff;border-left:0px solid #ffffff;}}@media all and (max-width: 767px){.kt-info-box755_33ce11-d6 .kt-blocks-info-box-link-wrap{border-top:0px solid #ffffff;border-right:0px solid #ffffff;border-bottom:0px solid #ffffff;border-left:0px solid #ffffff;}}<\/style>\n<div class=\"wp-block-kadence-infobox kt-info-box755_33ce11-d6 banner--sidebar\"><a class=\"kt-blocks-info-box-link-wrap info-box-link kt-blocks-info-box-media-align-left kt-info-halign-left\" href=\"#nogo\"><div class=\"kt-blocks-info-box-media-container\"><div class=\"kt-blocks-info-box-media kt-info-media-animate-none\"><div class=\"kadence-info-box-image-inner-intrisic-container\"><div class=\"kadence-info-box-image-intrisic kt-info-animate-none kb-info-box-image-type-svg\"><div class=\"kadence-info-box-image-inner-intrisic\"><img loading=\"lazy\" decoding=\"async\" src=\"https:\/\/taohs.eu\/wp-content\/uploads\/2026\/04\/ico-doc.svg\" alt=\"\" width=\"100\" height=\"48\" class=\"kt-info-box-image wp-image-242 kt-info-svg-image\"\/><\/div><\/div><\/div><\/div><\/div><div class=\"kt-infobox-textcontent\"><h2 class=\"kt-blocks-info-box-title\">Documento PDF<\/h2><p class=\"kt-blocks-info-box-text\">Informe de investigaci\u00f3n &#8211; An\u00e1lisis del discurso de odio en l\u00ednea<\/p><\/div><\/a><\/div>\n<\/div><\/div>\n\n<\/div><\/div>","protected":false},"excerpt":{"rendered":"<p>Investigaci\u00f3n Una definici\u00f3n compartida es el primer paso para actuar con eficacia. Investigaci\u00f3n sobre discurso de odio en l\u00ednea y definiciones compartidas. La investigaci\u00f3n es la columna vertebral de TAOHS. Estudiamos los patrones del discurso de odio en l\u00ednea para organizaciones de la sociedad civil, medios de comunicaci\u00f3n e instituciones p\u00fablicas de Espa\u00f1a, los Pa\u00edses &hellip;<\/p>\n","protected":false},"author":1,"featured_media":0,"parent":0,"menu_order":0,"comment_status":"closed","ping_status":"closed","template":"templates\/template-builder.php","meta":{"_kad_blocks_custom_css":"","_kad_blocks_head_custom_js":"","_kad_blocks_body_custom_js":"","_kad_blocks_footer_custom_js":"","footnotes":""},"class_list":["post-755","page","type-page","status-publish","hentry","post","without-featured-image"],"taxonomy_info":[],"featured_image_src_large":false,"author_info":{"display_name":"admin","author_link":"https:\/\/taohs.eu\/es\/author\/server_7adx2skz\/"},"comment_info":0,"_links":{"self":[{"href":"https:\/\/taohs.eu\/es\/wp-json\/wp\/v2\/pages\/755","targetHints":{"allow":["GET"]}}],"collection":[{"href":"https:\/\/taohs.eu\/es\/wp-json\/wp\/v2\/pages"}],"about":[{"href":"https:\/\/taohs.eu\/es\/wp-json\/wp\/v2\/types\/page"}],"author":[{"embeddable":true,"href":"https:\/\/taohs.eu\/es\/wp-json\/wp\/v2\/users\/1"}],"replies":[{"embeddable":true,"href":"https:\/\/taohs.eu\/es\/wp-json\/wp\/v2\/comments?post=755"}],"version-history":[{"count":5,"href":"https:\/\/taohs.eu\/es\/wp-json\/wp\/v2\/pages\/755\/revisions"}],"predecessor-version":[{"id":957,"href":"https:\/\/taohs.eu\/es\/wp-json\/wp\/v2\/pages\/755\/revisions\/957"}],"wp:attachment":[{"href":"https:\/\/taohs.eu\/es\/wp-json\/wp\/v2\/media?parent=755"}],"curies":[{"name":"wp","href":"https:\/\/api.w.org\/{rel}","templated":true}]}}