{"id":901,"date":"2026-03-24T17:37:38","date_gmt":"2026-03-24T16:37:38","guid":{"rendered":"https:\/\/taohs.eu\/online-hate-speech-research\/"},"modified":"2026-04-29T10:48:52","modified_gmt":"2026-04-29T08:48:52","slug":"forschung-zu-hass-im-netz","status":"publish","type":"page","link":"https:\/\/taohs.eu\/de\/forschung-zu-hass-im-netz\/","title":{"rendered":"Forschung"},"content":{"rendered":"<style>.kb-row-layout-wrap.wp-block-kadence-rowlayout.kb-row-layout-id306_51a421-c7{margin-top:0px;margin-bottom:0px;}.kb-row-layout-id306_51a421-c7 > .kt-row-column-wrap{align-content:start;}:where(.kb-row-layout-id306_51a421-c7 > .kt-row-column-wrap) > .wp-block-kadence-column{justify-content:start;}.kb-row-layout-id306_51a421-c7 > .kt-row-column-wrap{column-gap:var(--global-kb-gap-md, 2rem);row-gap:var(--global-kb-gap-md, 2rem);padding-top:15px;padding-bottom:15px;grid-template-columns:minmax(0, 1fr);}.kb-row-layout-id306_51a421-c7{border-top-left-radius:0px;}.kb-row-layout-id306_51a421-c7{border-top:1px solid #eae4da;border-bottom:0px solid #eae4da;}.kb-row-layout-id306_51a421-c7 > .kt-row-layout-overlay{opacity:0.30;}@media all and (max-width: 1024px){.kb-row-layout-id306_51a421-c7 > .kt-row-column-wrap{grid-template-columns:minmax(0, 1fr);}}@media all and (max-width: 1024px){.kb-row-layout-id306_51a421-c7{border-top:1px solid #eae4da;border-bottom:0px solid #eae4da;}}@media all and (max-width: 767px){.kb-row-layout-id306_51a421-c7 > .kt-row-column-wrap{grid-template-columns:minmax(0, 1fr);}.kb-row-layout-id306_51a421-c7{border-top:1px solid #eae4da;border-bottom:0px solid #eae4da;}}<\/style><div class=\"kb-row-layout-wrap kb-row-layout-id306_51a421-c7 alignfull breadcrumbs wp-block-kadence-rowlayout\"><div class=\"kt-row-column-wrap kt-has-1-columns kt-row-layout-equal kt-tab-layout-inherit kt-mobile-layout-row kt-row-valign-top\">\n<style>.kadence-column306_71ae7f-db > .kt-inside-inner-col,.kadence-column306_71ae7f-db > .kt-inside-inner-col:before{border-top-left-radius:0px;border-top-right-radius:0px;border-bottom-right-radius:0px;border-bottom-left-radius:0px;}.kadence-column306_71ae7f-db > .kt-inside-inner-col{column-gap:var(--global-kb-gap-sm, 1rem);}.kadence-column306_71ae7f-db > .kt-inside-inner-col{flex-direction:column;}.kadence-column306_71ae7f-db > .kt-inside-inner-col > .aligncenter{width:100%;}.kadence-column306_71ae7f-db > .kt-inside-inner-col:before{opacity:0.3;}.kadence-column306_71ae7f-db{position:relative;}@media all and (max-width: 1024px){.kadence-column306_71ae7f-db > .kt-inside-inner-col{flex-direction:column;justify-content:center;}}@media all and (max-width: 767px){.kadence-column306_71ae7f-db > .kt-inside-inner-col{flex-direction:column;justify-content:center;}}<\/style>\n<div class=\"wp-block-kadence-column kadence-column306_71ae7f-db\"><div class=\"kt-inside-inner-col\"><div class=\"breadcrumbs align container wp-block-bcn-breadcrumb-trail has-text-color has-background\" vocab=\"https:\/\/schema.org\/\" typeof=\"BreadcrumbList\">\n\t<span><\/span>\n\t<span property=\"itemListElement\" typeof=\"ListItem\"><a property=\"item\" typeof=\"WebPage\" title=\"Gehe zu Together Against Online Hate Speech (TAOHS).\" href=\"https:\/\/taohs.eu\/de\/\" class=\"home\" aria-current=\"page\"><span property=\"name\">Startseite<\/span><\/a><meta property=\"position\" content=\"1\"><\/span><\/div>\n<\/div><\/div>\n\n<\/div><\/div>\n\n<style>.kb-row-layout-wrap.wp-block-kadence-rowlayout.kb-row-layout-id901_b7ab11-4d{margin-bottom:95px;}.kb-row-layout-id901_b7ab11-4d > .kt-row-column-wrap{align-content:start;}:where(.kb-row-layout-id901_b7ab11-4d > .kt-row-column-wrap) > .wp-block-kadence-column{justify-content:start;}.kb-row-layout-id901_b7ab11-4d > .kt-row-column-wrap{column-gap:0px;row-gap:var(--global-kb-gap-md, 2rem);padding-top:0px;padding-bottom:0px;grid-template-columns:repeat(2, minmax(0, 1fr));}.kb-row-layout-id901_b7ab11-4d{background-color:#eae4da;}.kb-row-layout-id901_b7ab11-4d > .kt-row-layout-overlay{opacity:0.30;}@media all and (max-width: 1024px){.kb-row-layout-wrap.wp-block-kadence-rowlayout.kb-row-layout-id901_b7ab11-4d{margin-bottom:60px;}}@media all and (max-width: 1024px){.kb-row-layout-id901_b7ab11-4d > .kt-row-column-wrap{row-gap:0px;padding-right:31px;padding-bottom:29px;padding-left:31px;grid-template-columns:minmax(0, 1fr);}}@media all and (max-width: 767px){.kb-row-layout-wrap.wp-block-kadence-rowlayout.kb-row-layout-id901_b7ab11-4d{margin-bottom:60px;}.kb-row-layout-id901_b7ab11-4d > .kt-row-column-wrap{row-gap:0px;padding-right:16px;padding-bottom:16px;padding-left:16px;grid-template-columns:minmax(0, 1fr);}}<\/style><div class=\"kb-row-layout-wrap kb-row-layout-id901_b7ab11-4d alignfull kt-row-has-bg hero-split wp-block-kadence-rowlayout\"><div class=\"kt-row-column-wrap kt-has-2-columns kt-row-layout-equal kt-tab-layout-row kt-mobile-layout-row kt-row-valign-top kt-inner-column-height-full\">\n<style>.kadence-column901_a0bdec-31 > .kt-inside-inner-col{padding-top:80px;padding-bottom:80px;}.kadence-column901_a0bdec-31 > .kt-inside-inner-col,.kadence-column901_a0bdec-31 > .kt-inside-inner-col:before{border-top-left-radius:0px;border-top-right-radius:0px;border-bottom-right-radius:0px;border-bottom-left-radius:0px;}.kadence-column901_a0bdec-31 > .kt-inside-inner-col{column-gap:var(--global-kb-gap-sm, 1rem);}.kadence-column901_a0bdec-31 > .kt-inside-inner-col{flex-direction:column;}.kadence-column901_a0bdec-31 > .kt-inside-inner-col > .aligncenter{width:100%;}.kadence-column901_a0bdec-31 > .kt-inside-inner-col:before{opacity:0.3;}.kadence-column901_a0bdec-31{position:relative;}@media all and (max-width: 1024px){.kadence-column901_a0bdec-31 > .kt-inside-inner-col{padding-top:43px;padding-bottom:31px;flex-direction:column;justify-content:center;}}@media all and (max-width: 767px){.kadence-column901_a0bdec-31 > .kt-inside-inner-col{padding-top:41px;padding-bottom:28px;flex-direction:column;justify-content:center;}}<\/style>\n<div class=\"wp-block-kadence-column kadence-column901_a0bdec-31 hero-left\"><div class=\"kt-inside-inner-col\"><style>.wp-block-kadence-advancedheading.kt-adv-heading901_26389a-e0, .wp-block-kadence-advancedheading.kt-adv-heading901_26389a-e0[data-kb-block=\"kb-adv-heading901_26389a-e0\"]{font-style:normal;}.wp-block-kadence-advancedheading.kt-adv-heading901_26389a-e0 mark.kt-highlight, .wp-block-kadence-advancedheading.kt-adv-heading901_26389a-e0[data-kb-block=\"kb-adv-heading901_26389a-e0\"] mark.kt-highlight{font-style:normal;color:#f76a0c;-webkit-box-decoration-break:clone;box-decoration-break:clone;padding-top:0px;padding-right:0px;padding-bottom:0px;padding-left:0px;}.wp-block-kadence-advancedheading.kt-adv-heading901_26389a-e0 img.kb-inline-image, .wp-block-kadence-advancedheading.kt-adv-heading901_26389a-e0[data-kb-block=\"kb-adv-heading901_26389a-e0\"] img.kb-inline-image{width:150px;vertical-align:baseline;}<\/style>\n<p class=\"kt-adv-heading901_26389a-e0 section--tag wp-block-kadence-advancedheading\" data-kb-block=\"kb-adv-heading901_26389a-e0\">Forschung<\/p>\n\n\n<style>.wp-block-kadence-advancedheading.kt-adv-heading901_eceda7-b7, .wp-block-kadence-advancedheading.kt-adv-heading901_eceda7-b7[data-kb-block=\"kb-adv-heading901_eceda7-b7\"]{margin-top:9px;font-style:normal;}.wp-block-kadence-advancedheading.kt-adv-heading901_eceda7-b7 mark.kt-highlight, .wp-block-kadence-advancedheading.kt-adv-heading901_eceda7-b7[data-kb-block=\"kb-adv-heading901_eceda7-b7\"] mark.kt-highlight{font-style:normal;color:#f76a0c;-webkit-box-decoration-break:clone;box-decoration-break:clone;padding-top:0px;padding-right:0px;padding-bottom:0px;padding-left:0px;}.wp-block-kadence-advancedheading.kt-adv-heading901_eceda7-b7 img.kb-inline-image, .wp-block-kadence-advancedheading.kt-adv-heading901_eceda7-b7[data-kb-block=\"kb-adv-heading901_eceda7-b7\"] img.kb-inline-image{width:150px;vertical-align:baseline;}<\/style>\n<h1 class=\"kt-adv-heading901_eceda7-b7 wp-block-kadence-advancedheading\" data-kb-block=\"kb-adv-heading901_eceda7-b7\" data-aos=\"fade\" data-aos-duration=\"1200\" data-aos-easing=\"ease-in-out\" data-aos-once=\"true\">Eine gemeinsame Definition ist der erste Schritt zu wirksamem Handeln.<\/h1>\n\n\n<style>.wp-block-kadence-advancedheading.kt-adv-heading901_ba52a4-46, .wp-block-kadence-advancedheading.kt-adv-heading901_ba52a4-46[data-kb-block=\"kb-adv-heading901_ba52a4-46\"]{padding-top:10px;padding-bottom:0px;font-style:normal;}.wp-block-kadence-advancedheading.kt-adv-heading901_ba52a4-46 mark.kt-highlight, .wp-block-kadence-advancedheading.kt-adv-heading901_ba52a4-46[data-kb-block=\"kb-adv-heading901_ba52a4-46\"] mark.kt-highlight{font-style:normal;color:#f76a0c;-webkit-box-decoration-break:clone;box-decoration-break:clone;padding-top:0px;padding-right:0px;padding-bottom:0px;padding-left:0px;}.wp-block-kadence-advancedheading.kt-adv-heading901_ba52a4-46 img.kb-inline-image, .wp-block-kadence-advancedheading.kt-adv-heading901_ba52a4-46[data-kb-block=\"kb-adv-heading901_ba52a4-46\"] img.kb-inline-image{width:150px;vertical-align:baseline;}<\/style>\n<h2 class=\"kt-adv-heading901_ba52a4-46 hero--body wp-block-kadence-advancedheading\" data-kb-block=\"kb-adv-heading901_ba52a4-46\" data-aos=\"fade\" data-aos-duration=\"1200\" data-aos-delay=\"300\" data-aos-easing=\"ease-in-out\" data-aos-once=\"true\">Forschung zu Hass im Netz und gemeinsame Definitionen.<\/h2>\n<\/div><\/div>\n\n\n<style>.kadence-column901_3776ac-7b > .kt-inside-inner-col,.kadence-column901_3776ac-7b > .kt-inside-inner-col:before{border-top-left-radius:0px;border-top-right-radius:0px;border-bottom-right-radius:0px;border-bottom-left-radius:0px;}.kadence-column901_3776ac-7b > .kt-inside-inner-col{column-gap:var(--global-kb-gap-sm, 1rem);}.kadence-column901_3776ac-7b > .kt-inside-inner-col{flex-direction:column;}.kadence-column901_3776ac-7b > .kt-inside-inner-col > .aligncenter{width:100%;}.kadence-column901_3776ac-7b > .kt-inside-inner-col{background-image:url('https:\/\/taohs.eu\/wp-content\/uploads\/2026\/04\/hero-research-scaled.webp');background-size:cover;background-position:center center;background-attachment:scroll;background-repeat:no-repeat;}.kadence-column901_3776ac-7b > .kt-inside-inner-col:before{opacity:0.3;}.kadence-column901_3776ac-7b{position:relative;}@media all and (max-width: 1024px){.kadence-column901_3776ac-7b > .kt-inside-inner-col{min-height:500px;flex-direction:column;justify-content:center;}}@media all and (max-width: 1024px){.kadence-column901_3776ac-7b > .kt-inside-inner-col,.kadence-column901_3776ac-7b > .kt-inside-inner-col:before{border-top-left-radius:15px;border-top-right-radius:15px;border-bottom-right-radius:15px;border-bottom-left-radius:15px;}}@media all and (max-width: 767px){.kadence-column901_3776ac-7b > .kt-inside-inner-col{min-height:400px;flex-direction:column;justify-content:center;}.kadence-column901_3776ac-7b > .kt-inside-inner-col,.kadence-column901_3776ac-7b > .kt-inside-inner-col:before{border-top-left-radius:15px;border-top-right-radius:15px;border-bottom-right-radius:15px;border-bottom-left-radius:15px;}}<\/style>\n<div class=\"wp-block-kadence-column kadence-column901_3776ac-7b hero-right\"><div class=\"kt-inside-inner-col\"><\/div><\/div>\n\n<\/div><\/div>\n\n<style>.kb-row-layout-wrap.wp-block-kadence-rowlayout.kb-row-layout-id901_84bd92-ac{margin-bottom:0px;}.kb-row-layout-id901_84bd92-ac > .kt-row-column-wrap{align-content:start;}:where(.kb-row-layout-id901_84bd92-ac > .kt-row-column-wrap) > .wp-block-kadence-column{justify-content:start;}.kb-row-layout-id901_84bd92-ac > .kt-row-column-wrap{column-gap:168px;row-gap:var(--global-kb-gap-md, 2rem);padding-bottom:24px;grid-template-columns:minmax(0, calc(60% - ((168px * 1 )\/2)))minmax(0, calc(40% - ((168px * 1 )\/2)));}.kb-row-layout-id901_84bd92-ac > .kt-row-layout-overlay{opacity:0.30;}@media all and (max-width: 1024px){.kb-row-layout-wrap.wp-block-kadence-rowlayout.kb-row-layout-id901_84bd92-ac{margin-bottom:60px;}}@media all and (max-width: 1024px){.kb-row-layout-id901_84bd92-ac > .kt-row-column-wrap{grid-template-columns:minmax(0, 1fr);}}@media all and (max-width: 767px){.kb-row-layout-wrap.wp-block-kadence-rowlayout.kb-row-layout-id901_84bd92-ac{margin-bottom:60px;}.kb-row-layout-id901_84bd92-ac > .kt-row-column-wrap{grid-template-columns:minmax(0, 1fr);}}<\/style><div class=\"kb-row-layout-wrap kb-row-layout-id901_84bd92-ac alignnone row--content wp-block-kadence-rowlayout\"><div class=\"kt-row-column-wrap kt-has-2-columns kt-row-layout-left-golden kt-tab-layout-row kt-mobile-layout-row kt-row-valign-top\">\n<style>.kadence-column901_e24a97-2a > .kt-inside-inner-col,.kadence-column901_e24a97-2a > .kt-inside-inner-col:before{border-top-left-radius:0px;border-top-right-radius:0px;border-bottom-right-radius:0px;border-bottom-left-radius:0px;}.kadence-column901_e24a97-2a > .kt-inside-inner-col{column-gap:var(--global-kb-gap-sm, 1rem);}.kadence-column901_e24a97-2a > .kt-inside-inner-col{flex-direction:column;}.kadence-column901_e24a97-2a > .kt-inside-inner-col > .aligncenter{width:100%;}.kadence-column901_e24a97-2a > .kt-inside-inner-col:before{opacity:0.3;}.kadence-column901_e24a97-2a{position:relative;}@media all and (max-width: 1024px){.kadence-column901_e24a97-2a > .kt-inside-inner-col{flex-direction:column;justify-content:center;}}@media all and (max-width: 767px){.kadence-column901_e24a97-2a > .kt-inside-inner-col{flex-direction:column;justify-content:center;}}<\/style>\n<div class=\"wp-block-kadence-column kadence-column901_e24a97-2a col--left\"><div class=\"kt-inside-inner-col\">\n<p class=\"top--0\">Forschung ist das Fundament von TAOHS. Wir untersuchen Muster von Hass im Netz f\u00fcr zivilgesellschaftliche Organisationen, Medien und \u00f6ffentliche Institutionen in Spanien, den Niederlanden und Deutschland. Auf Basis systematischer Datenerhebung und -analyse identifizieren und kontextualisieren wir l\u00e4nderspezifische Trends und Narrative.<\/p>\n\n\n\n<p>Die gewonnenen Erkenntnisse flie\u00dfen au\u00dferdem in die Entwicklung KI-gest\u00fctzter Modelle zur Kategorisierung von Hass im Netz ein und tragen dazu bei, <a href=\"https:\/\/taohs.eu\/de\/monitoring-von-hass-im-netz\/\" data-type=\"page\" data-id=\"50\"><strong>Phoenix<\/strong><\/a> darin zu trainieren, entsprechende Inhalte zu erkennen und einzuordnen.<\/p>\n\n\n\n<p>Mehr zu unserer Forschung bieten unsere \u00f6ffentlich zug\u00e4nglichen Berichte: eine l\u00e4nderspezifische Analyse von Mustern von Hass im Netz auf Grundlage von Social-Media-Monitoring sowie eine umfassende Literatur\u00fcbersicht zum Thema Hass im Netz.<\/p>\n<\/div><\/div>\n\n\n<style>.kadence-column901_a2c490-89 > .kt-inside-inner-col,.kadence-column901_a2c490-89 > .kt-inside-inner-col:before{border-top-left-radius:0px;border-top-right-radius:0px;border-bottom-right-radius:0px;border-bottom-left-radius:0px;}.kadence-column901_a2c490-89 > .kt-inside-inner-col{column-gap:var(--global-kb-gap-sm, 1rem);}.kadence-column901_a2c490-89 > .kt-inside-inner-col{flex-direction:column;}.kadence-column901_a2c490-89 > .kt-inside-inner-col > .aligncenter{width:100%;}.kadence-column901_a2c490-89 > .kt-inside-inner-col:before{opacity:0.3;}.kadence-column901_a2c490-89{position:relative;}@media all and (max-width: 1024px){.kadence-column901_a2c490-89 > .kt-inside-inner-col{flex-direction:column;justify-content:center;}}@media all and (max-width: 767px){.kadence-column901_a2c490-89 > .kt-inside-inner-col{flex-direction:column;justify-content:center;}}<\/style>\n<div class=\"wp-block-kadence-column kadence-column901_a2c490-89 col--right\" data-aos=\"fade-left\" data-aos-duration=\"1200\" data-aos-delay=\"600\" data-aos-easing=\"ease\" data-aos-once=\"true\"><div class=\"kt-inside-inner-col\"><style>.wp-block-kadence-column.kb-section-dir-horizontal > .kt-inside-inner-col > .kt-info-box901_c8598f-7a .kt-blocks-info-box-link-wrap{max-width:unset;}.kt-info-box901_c8598f-7a .kt-blocks-info-box-link-wrap{border-top:0px solid #ffffff;border-right:0px solid #ffffff;border-bottom:0px solid #ffffff;border-left:0px solid #ffffff;border-top-left-radius:15px;border-top-right-radius:15px;border-bottom-right-radius:15px;border-bottom-left-radius:15px;background:#eae4da;padding-top:24px;padding-right:24px;padding-bottom:31px;padding-left:24px;}.kt-info-box901_c8598f-7a .kt-blocks-info-box-link-wrap:hover{background:#e0d8ca;}.kt-info-box901_c8598f-7a.wp-block-kadence-infobox{max-width:100%;}.kt-info-box901_c8598f-7a .kadence-info-box-image-inner-intrisic-container{max-width:100px;}.kt-info-box901_c8598f-7a .kadence-info-box-image-inner-intrisic-container .kadence-info-box-image-intrisic{padding-bottom:126.3158%;width:38px;height:0px;max-width:100%;}.kt-info-box901_c8598f-7a .kt-blocks-info-box-media .kt-info-box-image{width:100px;height:auto;}.kt-info-box901_c8598f-7a .kadence-info-box-icon-container .kt-info-svg-icon, .kt-info-box901_c8598f-7a .kt-info-svg-icon-flip, .kt-info-box901_c8598f-7a .kt-blocks-info-box-number{font-size:50px;}.kt-info-box901_c8598f-7a .kt-blocks-info-box-media{border-top-width:0px;border-right-width:0px;border-bottom-width:0px;border-left-width:0px;padding-top:0px;padding-right:0px;padding-bottom:0px;padding-left:0px;margin-top:0px;margin-right:23px;margin-bottom:0px;margin-left:0px;}.kt-info-box901_c8598f-7a .kt-infobox-textcontent h2.kt-blocks-info-box-title{color:#000000;padding-top:0px;padding-right:0px;padding-bottom:0px;padding-left:0px;margin-top:5px;margin-right:0px;margin-bottom:10px;margin-left:0px;}.kt-info-box901_c8598f-7a .kt-infobox-textcontent .kt-blocks-info-box-text{color:#000000;}.kt-info-box901_c8598f-7a .kt-blocks-info-box-learnmore{background:transparent;border-width:0px 0px 0px 0px;padding-top:4px;padding-right:8px;padding-bottom:4px;padding-left:8px;margin-top:10px;margin-right:0px;margin-bottom:10px;margin-left:0px;}@media all and (max-width: 1024px){.kt-info-box901_c8598f-7a .kt-blocks-info-box-link-wrap{border-top:0px solid #ffffff;border-right:0px solid #ffffff;border-bottom:0px solid #ffffff;border-left:0px solid #ffffff;}}@media all and (max-width: 767px){.kt-info-box901_c8598f-7a .kt-blocks-info-box-link-wrap{border-top:0px solid #ffffff;border-right:0px solid #ffffff;border-bottom:0px solid #ffffff;border-left:0px solid #ffffff;}}<\/style>\n<div class=\"wp-block-kadence-infobox kt-info-box901_c8598f-7a banner--sidebar\"><a class=\"kt-blocks-info-box-link-wrap info-box-link kt-blocks-info-box-media-align-left kt-info-halign-left\" href=\"#nogo\"><div class=\"kt-blocks-info-box-media-container\"><div class=\"kt-blocks-info-box-media kt-info-media-animate-none\"><div class=\"kadence-info-box-image-inner-intrisic-container\"><div class=\"kadence-info-box-image-intrisic kt-info-animate-none kb-info-box-image-type-svg\"><div class=\"kadence-info-box-image-inner-intrisic\"><img loading=\"lazy\" decoding=\"async\" src=\"https:\/\/taohs.eu\/wp-content\/uploads\/2026\/04\/ico-doc.svg\" alt=\"\" width=\"100\" height=\"48\" class=\"kt-info-box-image wp-image-242 kt-info-svg-image\"\/><\/div><\/div><\/div><\/div><\/div><div class=\"kt-infobox-textcontent\"><h2 class=\"kt-blocks-info-box-title\">PDF-Dokument<\/h2><p class=\"kt-blocks-info-box-text\">Forschungsbericht \u2014 Analyse zu Hass im Netz<\/p><\/div><\/a><\/div>\n<\/div><\/div>\n\n<\/div><\/div>","protected":false},"excerpt":{"rendered":"<p>Forschung Eine gemeinsame Definition ist der erste Schritt zu wirksamem Handeln. Forschung zu Hass im Netz und gemeinsame Definitionen. Forschung ist das Fundament von TAOHS. Wir untersuchen Muster von Hass im Netz f\u00fcr zivilgesellschaftliche Organisationen, Medien und \u00f6ffentliche Institutionen in Spanien, den Niederlanden und Deutschland. Auf Basis systematischer Datenerhebung und -analyse identifizieren und kontextualisieren wir &hellip;<\/p>\n","protected":false},"author":1,"featured_media":0,"parent":0,"menu_order":0,"comment_status":"closed","ping_status":"closed","template":"templates\/template-builder.php","meta":{"_kad_blocks_custom_css":"","_kad_blocks_head_custom_js":"","_kad_blocks_body_custom_js":"","_kad_blocks_footer_custom_js":"","footnotes":""},"class_list":["post-901","page","type-page","status-publish","hentry","post","without-featured-image"],"taxonomy_info":[],"featured_image_src_large":false,"author_info":{"display_name":"admin","author_link":"https:\/\/taohs.eu\/de\/author\/server_7adx2skz\/"},"comment_info":0,"_links":{"self":[{"href":"https:\/\/taohs.eu\/de\/wp-json\/wp\/v2\/pages\/901","targetHints":{"allow":["GET"]}}],"collection":[{"href":"https:\/\/taohs.eu\/de\/wp-json\/wp\/v2\/pages"}],"about":[{"href":"https:\/\/taohs.eu\/de\/wp-json\/wp\/v2\/types\/page"}],"author":[{"embeddable":true,"href":"https:\/\/taohs.eu\/de\/wp-json\/wp\/v2\/users\/1"}],"replies":[{"embeddable":true,"href":"https:\/\/taohs.eu\/de\/wp-json\/wp\/v2\/comments?post=901"}],"version-history":[{"count":3,"href":"https:\/\/taohs.eu\/de\/wp-json\/wp\/v2\/pages\/901\/revisions"}],"predecessor-version":[{"id":956,"href":"https:\/\/taohs.eu\/de\/wp-json\/wp\/v2\/pages\/901\/revisions\/956"}],"wp:attachment":[{"href":"https:\/\/taohs.eu\/de\/wp-json\/wp\/v2\/media?parent=901"}],"curies":[{"name":"wp","href":"https:\/\/api.w.org\/{rel}","templated":true}]}}