{"id":611,"date":"2026-03-24T17:37:38","date_gmt":"2026-03-24T16:37:38","guid":{"rendered":"https:\/\/taohs.eu\/online-hate-speech-research\/"},"modified":"2026-04-29T10:48:25","modified_gmt":"2026-04-29T08:48:25","slug":"recerca-sobre-discurs-dodi-en-linia","status":"publish","type":"page","link":"https:\/\/taohs.eu\/ca\/recerca-sobre-discurs-dodi-en-linia\/","title":{"rendered":"Recerca"},"content":{"rendered":"<style>.kb-row-layout-wrap.wp-block-kadence-rowlayout.kb-row-layout-id306_51a421-c7{margin-top:0px;margin-bottom:0px;}.kb-row-layout-id306_51a421-c7 > .kt-row-column-wrap{align-content:start;}:where(.kb-row-layout-id306_51a421-c7 > .kt-row-column-wrap) > .wp-block-kadence-column{justify-content:start;}.kb-row-layout-id306_51a421-c7 > .kt-row-column-wrap{column-gap:var(--global-kb-gap-md, 2rem);row-gap:var(--global-kb-gap-md, 2rem);padding-top:15px;padding-bottom:15px;grid-template-columns:minmax(0, 1fr);}.kb-row-layout-id306_51a421-c7{border-top-left-radius:0px;}.kb-row-layout-id306_51a421-c7{border-top:1px solid #eae4da;border-bottom:0px solid #eae4da;}.kb-row-layout-id306_51a421-c7 > .kt-row-layout-overlay{opacity:0.30;}@media all and (max-width: 1024px){.kb-row-layout-id306_51a421-c7 > .kt-row-column-wrap{grid-template-columns:minmax(0, 1fr);}}@media all and (max-width: 1024px){.kb-row-layout-id306_51a421-c7{border-top:1px solid #eae4da;border-bottom:0px solid #eae4da;}}@media all and (max-width: 767px){.kb-row-layout-id306_51a421-c7 > .kt-row-column-wrap{grid-template-columns:minmax(0, 1fr);}.kb-row-layout-id306_51a421-c7{border-top:1px solid #eae4da;border-bottom:0px solid #eae4da;}}<\/style><div class=\"kb-row-layout-wrap kb-row-layout-id306_51a421-c7 alignfull breadcrumbs wp-block-kadence-rowlayout\"><div class=\"kt-row-column-wrap kt-has-1-columns kt-row-layout-equal kt-tab-layout-inherit kt-mobile-layout-row kt-row-valign-top\">\n<style>.kadence-column306_71ae7f-db > .kt-inside-inner-col,.kadence-column306_71ae7f-db > .kt-inside-inner-col:before{border-top-left-radius:0px;border-top-right-radius:0px;border-bottom-right-radius:0px;border-bottom-left-radius:0px;}.kadence-column306_71ae7f-db > .kt-inside-inner-col{column-gap:var(--global-kb-gap-sm, 1rem);}.kadence-column306_71ae7f-db > .kt-inside-inner-col{flex-direction:column;}.kadence-column306_71ae7f-db > .kt-inside-inner-col > .aligncenter{width:100%;}.kadence-column306_71ae7f-db > .kt-inside-inner-col:before{opacity:0.3;}.kadence-column306_71ae7f-db{position:relative;}@media all and (max-width: 1024px){.kadence-column306_71ae7f-db > .kt-inside-inner-col{flex-direction:column;justify-content:center;}}@media all and (max-width: 767px){.kadence-column306_71ae7f-db > .kt-inside-inner-col{flex-direction:column;justify-content:center;}}<\/style>\n<div class=\"wp-block-kadence-column kadence-column306_71ae7f-db\"><div class=\"kt-inside-inner-col\"><div class=\"breadcrumbs align container wp-block-bcn-breadcrumb-trail has-text-color has-background\" vocab=\"https:\/\/schema.org\/\" typeof=\"BreadcrumbList\">\n\t<span><\/span>\n\t<span property=\"itemListElement\" typeof=\"ListItem\"><a property=\"item\" typeof=\"WebPage\" title=\"V\u00e9s a Together Against Online Hate Speech (TAOHS).\" href=\"https:\/\/taohs.eu\/ca\/\" class=\"home\" aria-current=\"page\"><span property=\"name\">Inici<\/span><\/a><meta property=\"position\" content=\"1\"><\/span><\/div>\n<\/div><\/div>\n\n<\/div><\/div>\n\n<style>.kb-row-layout-wrap.wp-block-kadence-rowlayout.kb-row-layout-id611_d27f05-63{margin-bottom:95px;}.kb-row-layout-id611_d27f05-63 > .kt-row-column-wrap{align-content:start;}:where(.kb-row-layout-id611_d27f05-63 > .kt-row-column-wrap) > .wp-block-kadence-column{justify-content:start;}.kb-row-layout-id611_d27f05-63 > .kt-row-column-wrap{column-gap:0px;row-gap:var(--global-kb-gap-md, 2rem);padding-top:0px;padding-bottom:0px;grid-template-columns:repeat(2, minmax(0, 1fr));}.kb-row-layout-id611_d27f05-63{background-color:#eae4da;}.kb-row-layout-id611_d27f05-63 > .kt-row-layout-overlay{opacity:0.30;}@media all and (max-width: 1024px){.kb-row-layout-wrap.wp-block-kadence-rowlayout.kb-row-layout-id611_d27f05-63{margin-bottom:60px;}}@media all and (max-width: 1024px){.kb-row-layout-id611_d27f05-63 > .kt-row-column-wrap{row-gap:0px;padding-right:31px;padding-bottom:29px;padding-left:31px;grid-template-columns:minmax(0, 1fr);}}@media all and (max-width: 767px){.kb-row-layout-wrap.wp-block-kadence-rowlayout.kb-row-layout-id611_d27f05-63{margin-bottom:60px;}.kb-row-layout-id611_d27f05-63 > .kt-row-column-wrap{row-gap:0px;padding-right:16px;padding-bottom:16px;padding-left:16px;grid-template-columns:minmax(0, 1fr);}}<\/style><div class=\"kb-row-layout-wrap kb-row-layout-id611_d27f05-63 alignfull kt-row-has-bg hero-split wp-block-kadence-rowlayout\"><div class=\"kt-row-column-wrap kt-has-2-columns kt-row-layout-equal kt-tab-layout-row kt-mobile-layout-row kt-row-valign-top kt-inner-column-height-full\">\n<style>.kadence-column611_0377c6-78 > .kt-inside-inner-col{padding-top:80px;padding-bottom:80px;}.kadence-column611_0377c6-78 > .kt-inside-inner-col,.kadence-column611_0377c6-78 > .kt-inside-inner-col:before{border-top-left-radius:0px;border-top-right-radius:0px;border-bottom-right-radius:0px;border-bottom-left-radius:0px;}.kadence-column611_0377c6-78 > .kt-inside-inner-col{column-gap:var(--global-kb-gap-sm, 1rem);}.kadence-column611_0377c6-78 > .kt-inside-inner-col{flex-direction:column;}.kadence-column611_0377c6-78 > .kt-inside-inner-col > .aligncenter{width:100%;}.kadence-column611_0377c6-78 > .kt-inside-inner-col:before{opacity:0.3;}.kadence-column611_0377c6-78{position:relative;}@media all and (max-width: 1024px){.kadence-column611_0377c6-78 > .kt-inside-inner-col{padding-top:43px;padding-bottom:31px;flex-direction:column;justify-content:center;}}@media all and (max-width: 767px){.kadence-column611_0377c6-78 > .kt-inside-inner-col{padding-top:41px;padding-bottom:28px;flex-direction:column;justify-content:center;}}<\/style>\n<div class=\"wp-block-kadence-column kadence-column611_0377c6-78 hero-left\"><div class=\"kt-inside-inner-col\"><style>.wp-block-kadence-advancedheading.kt-adv-heading611_e0619c-57, .wp-block-kadence-advancedheading.kt-adv-heading611_e0619c-57[data-kb-block=\"kb-adv-heading611_e0619c-57\"]{font-style:normal;}.wp-block-kadence-advancedheading.kt-adv-heading611_e0619c-57 mark.kt-highlight, .wp-block-kadence-advancedheading.kt-adv-heading611_e0619c-57[data-kb-block=\"kb-adv-heading611_e0619c-57\"] mark.kt-highlight{font-style:normal;color:#f76a0c;-webkit-box-decoration-break:clone;box-decoration-break:clone;padding-top:0px;padding-right:0px;padding-bottom:0px;padding-left:0px;}.wp-block-kadence-advancedheading.kt-adv-heading611_e0619c-57 img.kb-inline-image, .wp-block-kadence-advancedheading.kt-adv-heading611_e0619c-57[data-kb-block=\"kb-adv-heading611_e0619c-57\"] img.kb-inline-image{width:150px;vertical-align:baseline;}<\/style>\n<p class=\"kt-adv-heading611_e0619c-57 section--tag wp-block-kadence-advancedheading\" data-kb-block=\"kb-adv-heading611_e0619c-57\">Recerca<\/p>\n\n\n<style>.wp-block-kadence-advancedheading.kt-adv-heading611_ee3d2e-8f, .wp-block-kadence-advancedheading.kt-adv-heading611_ee3d2e-8f[data-kb-block=\"kb-adv-heading611_ee3d2e-8f\"]{margin-top:9px;font-style:normal;}.wp-block-kadence-advancedheading.kt-adv-heading611_ee3d2e-8f mark.kt-highlight, .wp-block-kadence-advancedheading.kt-adv-heading611_ee3d2e-8f[data-kb-block=\"kb-adv-heading611_ee3d2e-8f\"] mark.kt-highlight{font-style:normal;color:#f76a0c;-webkit-box-decoration-break:clone;box-decoration-break:clone;padding-top:0px;padding-right:0px;padding-bottom:0px;padding-left:0px;}.wp-block-kadence-advancedheading.kt-adv-heading611_ee3d2e-8f img.kb-inline-image, .wp-block-kadence-advancedheading.kt-adv-heading611_ee3d2e-8f[data-kb-block=\"kb-adv-heading611_ee3d2e-8f\"] img.kb-inline-image{width:150px;vertical-align:baseline;}<\/style>\n<h1 class=\"kt-adv-heading611_ee3d2e-8f wp-block-kadence-advancedheading\" data-kb-block=\"kb-adv-heading611_ee3d2e-8f\" data-aos=\"fade\" data-aos-duration=\"1200\" data-aos-easing=\"ease-in-out\" data-aos-once=\"true\">Una definici\u00f3 compartida \u00e9s el primer pas per actuar amb efic\u00e0cia.<\/h1>\n\n\n<style>.wp-block-kadence-advancedheading.kt-adv-heading611_fbbb0c-73, .wp-block-kadence-advancedheading.kt-adv-heading611_fbbb0c-73[data-kb-block=\"kb-adv-heading611_fbbb0c-73\"]{padding-top:10px;padding-bottom:0px;font-style:normal;}.wp-block-kadence-advancedheading.kt-adv-heading611_fbbb0c-73 mark.kt-highlight, .wp-block-kadence-advancedheading.kt-adv-heading611_fbbb0c-73[data-kb-block=\"kb-adv-heading611_fbbb0c-73\"] mark.kt-highlight{font-style:normal;color:#f76a0c;-webkit-box-decoration-break:clone;box-decoration-break:clone;padding-top:0px;padding-right:0px;padding-bottom:0px;padding-left:0px;}.wp-block-kadence-advancedheading.kt-adv-heading611_fbbb0c-73 img.kb-inline-image, .wp-block-kadence-advancedheading.kt-adv-heading611_fbbb0c-73[data-kb-block=\"kb-adv-heading611_fbbb0c-73\"] img.kb-inline-image{width:150px;vertical-align:baseline;}<\/style>\n<h2 class=\"kt-adv-heading611_fbbb0c-73 hero--body wp-block-kadence-advancedheading\" data-kb-block=\"kb-adv-heading611_fbbb0c-73\" data-aos=\"fade\" data-aos-duration=\"1200\" data-aos-delay=\"300\" data-aos-easing=\"ease-in-out\" data-aos-once=\"true\">Recerca sobre discurs d\u2019odi en l\u00ednia i definicions compartides.<br><\/h2>\n<\/div><\/div>\n\n\n<style>.kadence-column611_2fe99d-9a > .kt-inside-inner-col,.kadence-column611_2fe99d-9a > .kt-inside-inner-col:before{border-top-left-radius:0px;border-top-right-radius:0px;border-bottom-right-radius:0px;border-bottom-left-radius:0px;}.kadence-column611_2fe99d-9a > .kt-inside-inner-col{column-gap:var(--global-kb-gap-sm, 1rem);}.kadence-column611_2fe99d-9a > .kt-inside-inner-col{flex-direction:column;}.kadence-column611_2fe99d-9a > .kt-inside-inner-col > .aligncenter{width:100%;}.kadence-column611_2fe99d-9a > .kt-inside-inner-col{background-image:url('https:\/\/taohs.eu\/wp-content\/uploads\/2026\/04\/hero-research-scaled.webp');background-size:cover;background-position:center center;background-attachment:scroll;background-repeat:no-repeat;}.kadence-column611_2fe99d-9a > .kt-inside-inner-col:before{opacity:0.3;}.kadence-column611_2fe99d-9a{position:relative;}@media all and (max-width: 1024px){.kadence-column611_2fe99d-9a > .kt-inside-inner-col{min-height:500px;flex-direction:column;justify-content:center;}}@media all and (max-width: 1024px){.kadence-column611_2fe99d-9a > .kt-inside-inner-col,.kadence-column611_2fe99d-9a > .kt-inside-inner-col:before{border-top-left-radius:15px;border-top-right-radius:15px;border-bottom-right-radius:15px;border-bottom-left-radius:15px;}}@media all and (max-width: 767px){.kadence-column611_2fe99d-9a > .kt-inside-inner-col{min-height:400px;flex-direction:column;justify-content:center;}.kadence-column611_2fe99d-9a > .kt-inside-inner-col,.kadence-column611_2fe99d-9a > .kt-inside-inner-col:before{border-top-left-radius:15px;border-top-right-radius:15px;border-bottom-right-radius:15px;border-bottom-left-radius:15px;}}<\/style>\n<div class=\"wp-block-kadence-column kadence-column611_2fe99d-9a hero-right\"><div class=\"kt-inside-inner-col\"><\/div><\/div>\n\n<\/div><\/div>\n\n<style>.kb-row-layout-wrap.wp-block-kadence-rowlayout.kb-row-layout-id611_4c4d9b-4f{margin-bottom:0px;}.kb-row-layout-id611_4c4d9b-4f > .kt-row-column-wrap{align-content:start;}:where(.kb-row-layout-id611_4c4d9b-4f > .kt-row-column-wrap) > .wp-block-kadence-column{justify-content:start;}.kb-row-layout-id611_4c4d9b-4f > .kt-row-column-wrap{column-gap:168px;row-gap:var(--global-kb-gap-md, 2rem);padding-bottom:24px;grid-template-columns:minmax(0, calc(60% - ((168px * 1 )\/2)))minmax(0, calc(40% - ((168px * 1 )\/2)));}.kb-row-layout-id611_4c4d9b-4f > .kt-row-layout-overlay{opacity:0.30;}@media all and (max-width: 1024px){.kb-row-layout-wrap.wp-block-kadence-rowlayout.kb-row-layout-id611_4c4d9b-4f{margin-bottom:60px;}}@media all and (max-width: 1024px){.kb-row-layout-id611_4c4d9b-4f > .kt-row-column-wrap{grid-template-columns:minmax(0, 1fr);}}@media all and (max-width: 767px){.kb-row-layout-wrap.wp-block-kadence-rowlayout.kb-row-layout-id611_4c4d9b-4f{margin-bottom:60px;}.kb-row-layout-id611_4c4d9b-4f > .kt-row-column-wrap{grid-template-columns:minmax(0, 1fr);}}<\/style><div class=\"kb-row-layout-wrap kb-row-layout-id611_4c4d9b-4f alignnone row--content wp-block-kadence-rowlayout\"><div class=\"kt-row-column-wrap kt-has-2-columns kt-row-layout-left-golden kt-tab-layout-row kt-mobile-layout-row kt-row-valign-top\">\n<style>.kadence-column611_600f81-d5 > .kt-inside-inner-col,.kadence-column611_600f81-d5 > .kt-inside-inner-col:before{border-top-left-radius:0px;border-top-right-radius:0px;border-bottom-right-radius:0px;border-bottom-left-radius:0px;}.kadence-column611_600f81-d5 > .kt-inside-inner-col{column-gap:var(--global-kb-gap-sm, 1rem);}.kadence-column611_600f81-d5 > .kt-inside-inner-col{flex-direction:column;}.kadence-column611_600f81-d5 > .kt-inside-inner-col > .aligncenter{width:100%;}.kadence-column611_600f81-d5 > .kt-inside-inner-col:before{opacity:0.3;}.kadence-column611_600f81-d5{position:relative;}@media all and (max-width: 1024px){.kadence-column611_600f81-d5 > .kt-inside-inner-col{flex-direction:column;justify-content:center;}}@media all and (max-width: 767px){.kadence-column611_600f81-d5 > .kt-inside-inner-col{flex-direction:column;justify-content:center;}}<\/style>\n<div class=\"wp-block-kadence-column kadence-column611_600f81-d5 col--left\"><div class=\"kt-inside-inner-col\">\n<p class=\"top--0\">La recerca \u00e9s la columna vertebral de TAOHS. Estudiem els patrons del discurs d\u2019odi en l\u00ednia per a organitzacions de la societat civil, mitjans de comunicaci\u00f3 i institucions p\u00fabliques d\u2019Espanya, els Pa\u00efsos Baixos i Alemanya. Mitjan\u00e7ant la recopilaci\u00f3 i l\u2019an\u00e0lisi sistem\u00e0tiques de dades, identifiquem i contextualitzem tend\u00e8ncies i narratives espec\u00edfiques de cada pa\u00eds.<\/p>\n\n\n\n<p>Aquests coneixements tamb\u00e9 contribuiran al desenvolupament de models de categoritzaci\u00f3 del discurs d\u2019odi basats en intel\u00b7lig\u00e8ncia artificial, ajudant a entrenar <a href=\"https:\/\/taohs.eu\/ca\/phoenix-i-monitoratge-del-discurs-dodi-en-linia\/\" data-type=\"page\" data-id=\"619\"><strong>Phoenix<\/strong><\/a> per detectar i classificar l\u2019odi en l\u00ednia.<\/p>\n\n\n\n<p>Per saber m\u00e9s sobre la nostra recerca, podeu consultar els informes p\u00fablics: una an\u00e0lisi per pa\u00efsos dels patrons del discurs d\u2019odi en l\u00ednia basada en la monitoritzaci\u00f3 de xarxes socials, i una revisi\u00f3 bibliogr\u00e0fica exhaustiva sobre el discurs d\u2019odi en l\u00ednia.<\/p>\n<\/div><\/div>\n\n\n<style>.kadence-column611_3db730-16 > .kt-inside-inner-col,.kadence-column611_3db730-16 > .kt-inside-inner-col:before{border-top-left-radius:0px;border-top-right-radius:0px;border-bottom-right-radius:0px;border-bottom-left-radius:0px;}.kadence-column611_3db730-16 > .kt-inside-inner-col{column-gap:var(--global-kb-gap-sm, 1rem);}.kadence-column611_3db730-16 > .kt-inside-inner-col{flex-direction:column;}.kadence-column611_3db730-16 > .kt-inside-inner-col > .aligncenter{width:100%;}.kadence-column611_3db730-16 > .kt-inside-inner-col:before{opacity:0.3;}.kadence-column611_3db730-16{position:relative;}@media all and (max-width: 1024px){.kadence-column611_3db730-16 > .kt-inside-inner-col{flex-direction:column;justify-content:center;}}@media all and (max-width: 767px){.kadence-column611_3db730-16 > .kt-inside-inner-col{flex-direction:column;justify-content:center;}}<\/style>\n<div class=\"wp-block-kadence-column kadence-column611_3db730-16 col--right\" data-aos=\"fade-left\" data-aos-duration=\"1200\" data-aos-delay=\"600\" data-aos-easing=\"ease\" data-aos-once=\"true\"><div class=\"kt-inside-inner-col\"><style>.wp-block-kadence-column.kb-section-dir-horizontal > .kt-inside-inner-col > .kt-info-box611_202377-68 .kt-blocks-info-box-link-wrap{max-width:unset;}.kt-info-box611_202377-68 .kt-blocks-info-box-link-wrap{border-top:0px solid #ffffff;border-right:0px solid #ffffff;border-bottom:0px solid #ffffff;border-left:0px solid #ffffff;border-top-left-radius:15px;border-top-right-radius:15px;border-bottom-right-radius:15px;border-bottom-left-radius:15px;background:#eae4da;padding-top:24px;padding-right:24px;padding-bottom:31px;padding-left:24px;}.kt-info-box611_202377-68 .kt-blocks-info-box-link-wrap:hover{background:#e0d8ca;}.kt-info-box611_202377-68.wp-block-kadence-infobox{max-width:100%;}.kt-info-box611_202377-68 .kadence-info-box-image-inner-intrisic-container{max-width:100px;}.kt-info-box611_202377-68 .kadence-info-box-image-inner-intrisic-container .kadence-info-box-image-intrisic{padding-bottom:126.3158%;width:38px;height:0px;max-width:100%;}.kt-info-box611_202377-68 .kt-blocks-info-box-media .kt-info-box-image{width:100px;height:auto;}.kt-info-box611_202377-68 .kadence-info-box-icon-container .kt-info-svg-icon, .kt-info-box611_202377-68 .kt-info-svg-icon-flip, .kt-info-box611_202377-68 .kt-blocks-info-box-number{font-size:50px;}.kt-info-box611_202377-68 .kt-blocks-info-box-media{border-top-width:0px;border-right-width:0px;border-bottom-width:0px;border-left-width:0px;padding-top:0px;padding-right:0px;padding-bottom:0px;padding-left:0px;margin-top:0px;margin-right:23px;margin-bottom:0px;margin-left:0px;}.kt-info-box611_202377-68 .kt-infobox-textcontent h2.kt-blocks-info-box-title{color:#000000;padding-top:0px;padding-right:0px;padding-bottom:0px;padding-left:0px;margin-top:5px;margin-right:0px;margin-bottom:10px;margin-left:0px;}.kt-info-box611_202377-68 .kt-infobox-textcontent .kt-blocks-info-box-text{color:#000000;}.kt-info-box611_202377-68 .kt-blocks-info-box-learnmore{background:transparent;border-width:0px 0px 0px 0px;padding-top:4px;padding-right:8px;padding-bottom:4px;padding-left:8px;margin-top:10px;margin-right:0px;margin-bottom:10px;margin-left:0px;}@media all and (max-width: 1024px){.kt-info-box611_202377-68 .kt-blocks-info-box-link-wrap{border-top:0px solid #ffffff;border-right:0px solid #ffffff;border-bottom:0px solid #ffffff;border-left:0px solid #ffffff;}}@media all and (max-width: 767px){.kt-info-box611_202377-68 .kt-blocks-info-box-link-wrap{border-top:0px solid #ffffff;border-right:0px solid #ffffff;border-bottom:0px solid #ffffff;border-left:0px solid #ffffff;}}<\/style>\n<div class=\"wp-block-kadence-infobox kt-info-box611_202377-68 banner--sidebar\"><a class=\"kt-blocks-info-box-link-wrap info-box-link kt-blocks-info-box-media-align-left kt-info-halign-left\" href=\"#nogo\"><div class=\"kt-blocks-info-box-media-container\"><div class=\"kt-blocks-info-box-media kt-info-media-animate-none\"><div class=\"kadence-info-box-image-inner-intrisic-container\"><div class=\"kadence-info-box-image-intrisic kt-info-animate-none kb-info-box-image-type-svg\"><div class=\"kadence-info-box-image-inner-intrisic\"><img loading=\"lazy\" decoding=\"async\" src=\"https:\/\/taohs.eu\/wp-content\/uploads\/2026\/04\/ico-doc.svg\" alt=\"\" width=\"100\" height=\"48\" class=\"kt-info-box-image wp-image-242 kt-info-svg-image\"\/><\/div><\/div><\/div><\/div><\/div><div class=\"kt-infobox-textcontent\"><h2 class=\"kt-blocks-info-box-title\">Document PDF<\/h2><p class=\"kt-blocks-info-box-text\">Informe de recerca \u2014 An\u00e0lisi del discurs d\u2019odi en l\u00ednia<\/p><\/div><\/a><\/div>\n<\/div><\/div>\n\n<\/div><\/div>","protected":false},"excerpt":{"rendered":"<p>Recerca Una definici\u00f3 compartida \u00e9s el primer pas per actuar amb efic\u00e0cia. Recerca sobre discurs d\u2019odi en l\u00ednia i definicions compartides. La recerca \u00e9s la columna vertebral de TAOHS. Estudiem els patrons del discurs d\u2019odi en l\u00ednia per a organitzacions de la societat civil, mitjans de comunicaci\u00f3 i institucions p\u00fabliques d\u2019Espanya, els Pa\u00efsos Baixos i &hellip;<\/p>\n","protected":false},"author":1,"featured_media":0,"parent":0,"menu_order":0,"comment_status":"closed","ping_status":"closed","template":"templates\/template-builder.php","meta":{"_kad_blocks_custom_css":"","_kad_blocks_head_custom_js":"","_kad_blocks_body_custom_js":"","_kad_blocks_footer_custom_js":"","footnotes":""},"class_list":["post-611","page","type-page","status-publish","hentry","post","without-featured-image"],"taxonomy_info":[],"featured_image_src_large":false,"author_info":{"display_name":"admin","author_link":"https:\/\/taohs.eu\/ca\/author\/server_7adx2skz\/"},"comment_info":0,"_links":{"self":[{"href":"https:\/\/taohs.eu\/ca\/wp-json\/wp\/v2\/pages\/611","targetHints":{"allow":["GET"]}}],"collection":[{"href":"https:\/\/taohs.eu\/ca\/wp-json\/wp\/v2\/pages"}],"about":[{"href":"https:\/\/taohs.eu\/ca\/wp-json\/wp\/v2\/types\/page"}],"author":[{"embeddable":true,"href":"https:\/\/taohs.eu\/ca\/wp-json\/wp\/v2\/users\/1"}],"replies":[{"embeddable":true,"href":"https:\/\/taohs.eu\/ca\/wp-json\/wp\/v2\/comments?post=611"}],"version-history":[{"count":9,"href":"https:\/\/taohs.eu\/ca\/wp-json\/wp\/v2\/pages\/611\/revisions"}],"predecessor-version":[{"id":954,"href":"https:\/\/taohs.eu\/ca\/wp-json\/wp\/v2\/pages\/611\/revisions\/954"}],"wp:attachment":[{"href":"https:\/\/taohs.eu\/ca\/wp-json\/wp\/v2\/media?parent=611"}],"curies":[{"name":"wp","href":"https:\/\/api.w.org\/{rel}","templated":true}]}}